{"id":1110,"date":"2020-04-02T08:29:37","date_gmt":"2020-04-02T08:29:37","guid":{"rendered":"https:\/\/ludomargroup.com\/terms-and-conditions"},"modified":"2020-06-08T13:41:12","modified_gmt":"2020-06-08T13:41:12","slug":"terminos-y-condiciones","status":"publish","type":"page","link":"https:\/\/ludomargroup.com\/es\/terminos-y-condiciones","title":{"rendered":"T\u00e9rminos y condiciones"},"content":{"rendered":"<style>#kt-layout-id_d1169b-22 > .kt-row-column-wrap{align-content:start;}:where(#kt-layout-id_d1169b-22 > .kt-row-column-wrap) > .wp-block-kadence-column{justify-content:start;}#kt-layout-id_d1169b-22 > .kt-row-column-wrap{column-gap:var(--global-kb-gap-md, 2rem);row-gap:var(--global-kb-gap-md, 2rem);padding-top:var( --global-kb-row-default-top, 25px );padding-bottom:var( --global-kb-row-default-bottom, 25px );padding-top:40px;padding-bottom:40px;padding-left:0px;padding-right:0px;grid-template-columns:minmax(0, 1fr);}#kt-layout-id_d1169b-22 > .kt-row-layout-overlay{opacity:0.30;}@media all and (max-width: 1024px){#kt-layout-id_d1169b-22 > .kt-row-column-wrap{grid-template-columns:minmax(0, 1fr);}}@media all and (max-width: 767px){#kt-layout-id_d1169b-22 > .kt-row-column-wrap{grid-template-columns:minmax(0, 1fr);}}<\/style>\n<div class=\"wp-block-kadence-rowlayout alignnone\"><div id=\"kt-layout-id_d1169b-22\" class=\"kt-row-layout-inner kt-layout-id_d1169b-22\"><div class=\"kt-row-column-wrap kt-has-1-columns kt-gutter-default kt-v-gutter-default kt-row-valign-top kt-row-layout-equal kt-tab-layout-inherit kt-m-colapse-left-to-right kt-mobile-layout-row\"><style>.kadence-column_906a41-34 > .kt-inside-inner-col{border-top-width:0px;border-right-width:0px;border-bottom-width:0px;border-left-width:0px;}.kadence-column_906a41-34 > .kt-inside-inner-col,.kadence-column_906a41-34 > .kt-inside-inner-col:before{border-top-left-radius:0px;border-top-right-radius:0px;border-bottom-right-radius:0px;border-bottom-left-radius:0px;}.kadence-column_906a41-34 > .kt-inside-inner-col{column-gap:var(--global-kb-gap-sm, 1rem);}.kadence-column_906a41-34 > .kt-inside-inner-col{flex-direction:column;}.kadence-column_906a41-34 > .kt-inside-inner-col > .aligncenter{width:100%;}.kadence-column_906a41-34 > .kt-inside-inner-col:before{opacity:0.3;}.kadence-column_906a41-34{position:relative;}@media all and (max-width: 1024px){.kadence-column_906a41-34 > .kt-inside-inner-col{flex-direction:column;}}@media all and (max-width: 767px){.kadence-column_906a41-34 > .kt-inside-inner-col{flex-direction:column;}}<\/style>\n<div class=\"wp-block-kadence-column inner-column-1 kadence-column_906a41-34\"><div class=\"kt-inside-inner-col\"><style>.wp-block-kadence-advancedheading.kt-adv-heading_9bafec-fc, .wp-block-kadence-advancedheading.kt-adv-heading_9bafec-fc[data-kb-block=\"kb-adv-heading_9bafec-fc\"]{font-size:16px;line-height:5px;font-style:normal;}.wp-block-kadence-advancedheading.kt-adv-heading_9bafec-fc mark, .wp-block-kadence-advancedheading.kt-adv-heading_9bafec-fc[data-kb-block=\"kb-adv-heading_9bafec-fc\"] mark{font-style:normal;color:#f76a0c;padding-top:0px;padding-right:0px;padding-bottom:0px;padding-left:0px;}@media all and (max-width: 767px){.wp-block-kadence-advancedheading.kt-adv-heading_9bafec-fc, .wp-block-kadence-advancedheading.kt-adv-heading_9bafec-fc[data-kb-block=\"kb-adv-heading_9bafec-fc\"]{line-height:18px;}}<\/style>\n<h6 id=\"kt-adv-heading_9bafec-fc\" class=\"kt-adv-heading_9bafec-fc wp-block-kadence-advancedheading has-theme-palette-3-color\"><strong>Aviso de Privacidad<\/strong><\/h6>\n\n\n\n<p class=\"justificar\">Este aviso de privacidad revela las pr\u00e1cticas de privacidad de (direcci\u00f3n del sitio web). Este aviso de privacidad se aplica \u00fanicamente a la informaci\u00f3n recopilada por este sitio web. Le notificar\u00e1 lo siguiente:<br>Qu\u00e9 informaci\u00f3n de identificaci\u00f3n personal se recopila de usted a trav\u00e9s del sitio web, c\u00f3mo se usa y con qui\u00e9n se puede compartir.<br>Qu\u00e9 opciones est\u00e1n disponibles para usted con respecto al uso de sus datos.<br>Los procedimientos de seguridad establecidos para proteger el mal uso de su informaci\u00f3n.<br>C\u00f3mo puede corregir cualquier inexactitud en la informaci\u00f3n.<\/p>\n\n\n<style>.wp-block-kadence-advancedheading.kt-adv-heading_9fba39-bf, .wp-block-kadence-advancedheading.kt-adv-heading_9fba39-bf[data-kb-block=\"kb-adv-heading_9fba39-bf\"]{font-size:16px;line-height:5px;font-style:normal;}.wp-block-kadence-advancedheading.kt-adv-heading_9fba39-bf mark, .wp-block-kadence-advancedheading.kt-adv-heading_9fba39-bf[data-kb-block=\"kb-adv-heading_9fba39-bf\"] mark{font-style:normal;color:#f76a0c;padding-top:0px;padding-right:0px;padding-bottom:0px;padding-left:0px;}@media all and (max-width: 767px){.wp-block-kadence-advancedheading.kt-adv-heading_9fba39-bf, .wp-block-kadence-advancedheading.kt-adv-heading_9fba39-bf[data-kb-block=\"kb-adv-heading_9fba39-bf\"]{line-height:18px;}}<\/style>\n<h6 id=\"kt-adv-heading_9fba39-bf\" class=\"kt-adv-heading_9fba39-bf wp-block-kadence-advancedheading has-theme-palette-3-color\"><strong>Recopilaci\u00f3n, uso e intercambio de informaci\u00f3n<\/strong><\/h6>\n\n\n\n<p class=\"justificar\">Somos los \u00fanicos propietarios de la informaci\u00f3n recopilada en este sitio. Solo tenemos acceso a \/ recopilamos informaci\u00f3n que voluntariamente nos proporciona por correo electr\u00f3nico u otro contacto directo suyo.<br>No venderemos ni alquilaremos esta informaci\u00f3n a nadie. Utilizaremos su informaci\u00f3n para responderle, en relaci\u00f3n con la raz\u00f3n por la que nos contact\u00f3. No compartiremos su  informaci\u00f3n con ning\u00fan tercero fuera de nuestra organizaci\u00f3n, salvo que sea necesario para cumplir con su solicitud, para enviar un pedido A menos que nos solicite que no lo hagamos, podemos comunicarnos con usted por correo electr\u00f3nico en el futuro para informarle sobre ofertas especiales, nuevos productos o servicios o cambios a esta pol\u00edtica de privacidad.<\/p>\n\n\n<style>.wp-block-kadence-advancedheading.kt-adv-heading_318cd3-da, .wp-block-kadence-advancedheading.kt-adv-heading_318cd3-da[data-kb-block=\"kb-adv-heading_318cd3-da\"]{font-size:16px;line-height:5px;font-style:normal;}.wp-block-kadence-advancedheading.kt-adv-heading_318cd3-da mark, .wp-block-kadence-advancedheading.kt-adv-heading_318cd3-da[data-kb-block=\"kb-adv-heading_318cd3-da\"] mark{font-style:normal;color:#f76a0c;padding-top:0px;padding-right:0px;padding-bottom:0px;padding-left:0px;}@media all and (max-width: 767px){.wp-block-kadence-advancedheading.kt-adv-heading_318cd3-da, .wp-block-kadence-advancedheading.kt-adv-heading_318cd3-da[data-kb-block=\"kb-adv-heading_318cd3-da\"]{line-height:18px;}}<\/style>\n<h6 id=\"kt-adv-heading_318cd3-da\" class=\"kt-adv-heading_318cd3-da wp-block-kadence-advancedheading has-theme-palette-3-color\"><strong>Su acceso y control sobre la informaci\u00f3n<\/strong><\/h6>\n\n\n\n<p class=\"justificar\">Puede optar por no recibir nuestros futuros contactos en cualquier momento. Puede hacer lo siguiente en cualquier momento poni\u00e9ndose en contacto con nosotros a trav\u00e9s de la direcci\u00f3n de correo electr\u00f3nico o el n\u00famero de tel\u00e9fono que figuran en nuestro sitio web:<br>Vea qu\u00e9 datos tenemos sobre usted, si los hay.<br>Cambiar \/ corregir cualquier informaci\u00f3n que tengamos sobre usted.<br>Haga que eliminemos cualquier informaci\u00f3n que tengamos sobre usted.<br>Exprese cualquier preocupaci\u00f3n que tenga sobre nuestro uso de sus datos.<\/p>\n\n\n<style>.wp-block-kadence-advancedheading.kt-adv-heading_5b6ea0-b9, .wp-block-kadence-advancedheading.kt-adv-heading_5b6ea0-b9[data-kb-block=\"kb-adv-heading_5b6ea0-b9\"]{font-size:16px;line-height:5px;font-style:normal;}.wp-block-kadence-advancedheading.kt-adv-heading_5b6ea0-b9 mark, .wp-block-kadence-advancedheading.kt-adv-heading_5b6ea0-b9[data-kb-block=\"kb-adv-heading_5b6ea0-b9\"] mark{font-style:normal;color:#f76a0c;padding-top:0px;padding-right:0px;padding-bottom:0px;padding-left:0px;}@media all and (max-width: 767px){.wp-block-kadence-advancedheading.kt-adv-heading_5b6ea0-b9, .wp-block-kadence-advancedheading.kt-adv-heading_5b6ea0-b9[data-kb-block=\"kb-adv-heading_5b6ea0-b9\"]{line-height:18px;}}<\/style>\n<h6 id=\"kt-adv-heading_5b6ea0-b9\" class=\"kt-adv-heading_5b6ea0-b9 wp-block-kadence-advancedheading has-theme-palette-3-color\"><strong>Seguridad<\/strong><\/h6>\n\n\n\n<p class=\"justificar\">Tomamos precauciones para proteger su informaci\u00f3n. Cuando env\u00eda informaci\u00f3n confidencial a trav\u00e9s del sitio web, su informaci\u00f3n est\u00e1 protegida tanto en l\u00ednea como fuera de l\u00ednea. Dondequiera que recolectemos informaci\u00f3n confidencial (como datos de tarjetas de cr\u00e9dito), esa informaci\u00f3n se encripta y nos transmite de manera segura. Puede verificar esto buscando un icono de candado en la barra de direcciones y buscando &#8220;https&#8221; al comienzo de la direcci\u00f3n de la p\u00e1gina web.<br>Si bien utilizamos el cifrado para proteger la informaci\u00f3n confidencial transmitida en l\u00ednea, tambi\u00e9n protegemos su informaci\u00f3n fuera de l\u00ednea. Solo los empleados que necesitan la informaci\u00f3n para realizar un trabajo espec\u00edfico (por ejemplo, facturaci\u00f3n o servicio al cliente) tienen acceso a informaci\u00f3n de identificaci\u00f3n personal. Las computadoras \/ servidores en los que almacenamos informaci\u00f3n de identificaci\u00f3n personal se mantienen en un entorno seguro.<\/p>\n<\/div><\/div>\n<\/div><\/div><\/div>\n","protected":false},"excerpt":{"rendered":"<p>Aviso de Privacidad Este aviso de privacidad revela las pr\u00e1cticas de privacidad de (direcci\u00f3n del sitio web). Este aviso de privacidad se aplica \u00fanicamente a la informaci\u00f3n recopilada por este sitio web. Le notificar\u00e1 lo siguiente:Qu\u00e9 informaci\u00f3n de identificaci\u00f3n personal se recopila de usted a trav\u00e9s del sitio web, c\u00f3mo se usa y con qui\u00e9n&#8230;<\/p>\n","protected":false},"author":1,"featured_media":0,"parent":0,"menu_order":0,"comment_status":"closed","ping_status":"closed","template":"","meta":{"_uag_custom_page_level_css":"","_kad_post_transparent":"","_kad_post_title":"","_kad_post_layout":"","_kad_post_sidebar_id":"","_kad_post_content_style":"","_kad_post_vertical_padding":"","_kad_post_feature":"","_kad_post_feature_position":"","_kad_post_header":false,"_kad_post_footer":false,"footnotes":""},"yoast_head":"<!-- This site is optimized with the Yoast SEO plugin v22.3 - https:\/\/yoast.com\/wordpress\/plugins\/seo\/ -->\n<title>T\u00e9rminos y condiciones - Ludomar Group<\/title>\n<meta name=\"robots\" content=\"index, follow, max-snippet:-1, max-image-preview:large, max-video-preview:-1\" \/>\n<link rel=\"canonical\" href=\"https:\/\/ludomargroup.com\/es\/terminos-y-condiciones\" \/>\n<meta property=\"og:locale\" content=\"es_ES\" \/>\n<meta property=\"og:type\" content=\"article\" \/>\n<meta property=\"og:title\" content=\"T\u00e9rminos y condiciones - Ludomar Group\" \/>\n<meta property=\"og:description\" content=\"Aviso de Privacidad Este aviso de privacidad revela las pr\u00e1cticas de privacidad de (direcci\u00f3n del sitio web). Este aviso de privacidad se aplica \u00fanicamente a la informaci\u00f3n recopilada por este sitio web. Le notificar\u00e1 lo siguiente:Qu\u00e9 informaci\u00f3n de identificaci\u00f3n personal se recopila de usted a trav\u00e9s del sitio web, c\u00f3mo se usa y con qui\u00e9n...\" \/>\n<meta property=\"og:url\" content=\"https:\/\/ludomargroup.com\/es\/terminos-y-condiciones\" \/>\n<meta property=\"og:site_name\" content=\"Ludomar Group\" \/>\n<meta property=\"article:modified_time\" content=\"2020-06-08T13:41:12+00:00\" \/>\n<meta name=\"twitter:card\" content=\"summary_large_image\" \/>\n<meta name=\"twitter:label1\" content=\"Tiempo de lectura\" \/>\n\t<meta name=\"twitter:data1\" content=\"2 minutos\" \/>\n<script type=\"application\/ld+json\" class=\"yoast-schema-graph\">{\"@context\":\"https:\/\/schema.org\",\"@graph\":[{\"@type\":\"WebPage\",\"@id\":\"https:\/\/ludomargroup.com\/es\/terminos-y-condiciones\",\"url\":\"https:\/\/ludomargroup.com\/es\/terminos-y-condiciones\",\"name\":\"T\u00e9rminos y condiciones - Ludomar Group\",\"isPartOf\":{\"@id\":\"https:\/\/ludomargroup.com\/#website\"},\"datePublished\":\"2020-04-02T08:29:37+00:00\",\"dateModified\":\"2020-06-08T13:41:12+00:00\",\"breadcrumb\":{\"@id\":\"https:\/\/ludomargroup.com\/es\/terminos-y-condiciones#breadcrumb\"},\"inLanguage\":\"es\",\"potentialAction\":[{\"@type\":\"ReadAction\",\"target\":[\"https:\/\/ludomargroup.com\/es\/terminos-y-condiciones\"]}]},{\"@type\":\"BreadcrumbList\",\"@id\":\"https:\/\/ludomargroup.com\/es\/terminos-y-condiciones#breadcrumb\",\"itemListElement\":[{\"@type\":\"ListItem\",\"position\":1,\"name\":\"Home\",\"item\":\"https:\/\/ludomargroup.com\/es\"},{\"@type\":\"ListItem\",\"position\":2,\"name\":\"T\u00e9rminos y condiciones\"}]},{\"@type\":\"WebSite\",\"@id\":\"https:\/\/ludomargroup.com\/#website\",\"url\":\"https:\/\/ludomargroup.com\/\",\"name\":\"Ludomar Group\",\"description\":\"Providing CHOCOLATE PRODUCTS since 1948\",\"publisher\":{\"@id\":\"https:\/\/ludomargroup.com\/#organization\"},\"potentialAction\":[{\"@type\":\"SearchAction\",\"target\":{\"@type\":\"EntryPoint\",\"urlTemplate\":\"https:\/\/ludomargroup.com\/?s={search_term_string}\"},\"query-input\":\"required name=search_term_string\"}],\"inLanguage\":\"es\"},{\"@type\":\"Organization\",\"@id\":\"https:\/\/ludomargroup.com\/#organization\",\"name\":\"Ludomar Group\",\"url\":\"https:\/\/ludomargroup.com\/\",\"logo\":{\"@type\":\"ImageObject\",\"inLanguage\":\"es\",\"@id\":\"https:\/\/ludomargroup.com\/#\/schema\/logo\/image\/\",\"url\":\"https:\/\/ludomargroup.com\/wp-content\/uploads\/2020\/05\/WEB-Ludomar-ENG-2.jpg\",\"contentUrl\":\"https:\/\/ludomargroup.com\/wp-content\/uploads\/2020\/05\/WEB-Ludomar-ENG-2.jpg\",\"width\":600,\"height\":682,\"caption\":\"Ludomar Group\"},\"image\":{\"@id\":\"https:\/\/ludomargroup.com\/#\/schema\/logo\/image\/\"}}]}<\/script>\n<!-- \/ Yoast SEO plugin. -->","yoast_head_json":{"title":"T\u00e9rminos y condiciones - Ludomar Group","robots":{"index":"index","follow":"follow","max-snippet":"max-snippet:-1","max-image-preview":"max-image-preview:large","max-video-preview":"max-video-preview:-1"},"canonical":"https:\/\/ludomargroup.com\/es\/terminos-y-condiciones","og_locale":"es_ES","og_type":"article","og_title":"T\u00e9rminos y condiciones - Ludomar Group","og_description":"Aviso de Privacidad Este aviso de privacidad revela las pr\u00e1cticas de privacidad de (direcci\u00f3n del sitio web). Este aviso de privacidad se aplica \u00fanicamente a la informaci\u00f3n recopilada por este sitio web. Le notificar\u00e1 lo siguiente:Qu\u00e9 informaci\u00f3n de identificaci\u00f3n personal se recopila de usted a trav\u00e9s del sitio web, c\u00f3mo se usa y con qui\u00e9n...","og_url":"https:\/\/ludomargroup.com\/es\/terminos-y-condiciones","og_site_name":"Ludomar Group","article_modified_time":"2020-06-08T13:41:12+00:00","twitter_card":"summary_large_image","twitter_misc":{"Tiempo de lectura":"2 minutos"},"schema":{"@context":"https:\/\/schema.org","@graph":[{"@type":"WebPage","@id":"https:\/\/ludomargroup.com\/es\/terminos-y-condiciones","url":"https:\/\/ludomargroup.com\/es\/terminos-y-condiciones","name":"T\u00e9rminos y condiciones - Ludomar Group","isPartOf":{"@id":"https:\/\/ludomargroup.com\/#website"},"datePublished":"2020-04-02T08:29:37+00:00","dateModified":"2020-06-08T13:41:12+00:00","breadcrumb":{"@id":"https:\/\/ludomargroup.com\/es\/terminos-y-condiciones#breadcrumb"},"inLanguage":"es","potentialAction":[{"@type":"ReadAction","target":["https:\/\/ludomargroup.com\/es\/terminos-y-condiciones"]}]},{"@type":"BreadcrumbList","@id":"https:\/\/ludomargroup.com\/es\/terminos-y-condiciones#breadcrumb","itemListElement":[{"@type":"ListItem","position":1,"name":"Home","item":"https:\/\/ludomargroup.com\/es"},{"@type":"ListItem","position":2,"name":"T\u00e9rminos y condiciones"}]},{"@type":"WebSite","@id":"https:\/\/ludomargroup.com\/#website","url":"https:\/\/ludomargroup.com\/","name":"Ludomar Group","description":"Providing CHOCOLATE PRODUCTS since 1948","publisher":{"@id":"https:\/\/ludomargroup.com\/#organization"},"potentialAction":[{"@type":"SearchAction","target":{"@type":"EntryPoint","urlTemplate":"https:\/\/ludomargroup.com\/?s={search_term_string}"},"query-input":"required name=search_term_string"}],"inLanguage":"es"},{"@type":"Organization","@id":"https:\/\/ludomargroup.com\/#organization","name":"Ludomar Group","url":"https:\/\/ludomargroup.com\/","logo":{"@type":"ImageObject","inLanguage":"es","@id":"https:\/\/ludomargroup.com\/#\/schema\/logo\/image\/","url":"https:\/\/ludomargroup.com\/wp-content\/uploads\/2020\/05\/WEB-Ludomar-ENG-2.jpg","contentUrl":"https:\/\/ludomargroup.com\/wp-content\/uploads\/2020\/05\/WEB-Ludomar-ENG-2.jpg","width":600,"height":682,"caption":"Ludomar Group"},"image":{"@id":"https:\/\/ludomargroup.com\/#\/schema\/logo\/image\/"}}]}},"featured_image_src":null,"featured_image_src_square":null,"uagb_featured_image_src":{"full":false,"thumbnail":false,"medium":false,"medium_large":false,"large":false,"1536x1536":false,"2048x2048":false,"ab-block-post-grid-landscape":false,"ab-block-post-grid-square":false},"uagb_author_info":{"display_name":"empiezapori","author_link":"https:\/\/ludomargroup.com\/es\/author\/empiezapori"},"uagb_comment_info":0,"uagb_excerpt":"Aviso de Privacidad Este aviso de privacidad revela las pr\u00e1cticas de privacidad de (direcci\u00f3n del sitio web). Este aviso de privacidad se aplica \u00fanicamente a la informaci\u00f3n recopilada por este sitio web. Le notificar\u00e1 lo siguiente:Qu\u00e9 informaci\u00f3n de identificaci\u00f3n personal se recopila de usted a trav\u00e9s del sitio web, c\u00f3mo se usa y con qui\u00e9n...","_links":{"self":[{"href":"https:\/\/ludomargroup.com\/es\/wp-json\/wp\/v2\/pages\/1110"}],"collection":[{"href":"https:\/\/ludomargroup.com\/es\/wp-json\/wp\/v2\/pages"}],"about":[{"href":"https:\/\/ludomargroup.com\/es\/wp-json\/wp\/v2\/types\/page"}],"author":[{"embeddable":true,"href":"https:\/\/ludomargroup.com\/es\/wp-json\/wp\/v2\/users\/1"}],"replies":[{"embeddable":true,"href":"https:\/\/ludomargroup.com\/es\/wp-json\/wp\/v2\/comments?post=1110"}],"version-history":[{"count":5,"href":"https:\/\/ludomargroup.com\/es\/wp-json\/wp\/v2\/pages\/1110\/revisions"}],"predecessor-version":[{"id":1186,"href":"https:\/\/ludomargroup.com\/es\/wp-json\/wp\/v2\/pages\/1110\/revisions\/1186"}],"wp:attachment":[{"href":"https:\/\/ludomargroup.com\/es\/wp-json\/wp\/v2\/media?parent=1110"}],"curies":[{"name":"wp","href":"https:\/\/api.w.org\/{rel}","templated":true}]}}