{"id":1088,"date":"2020-04-20T08:06:03","date_gmt":"2020-04-20T08:06:03","guid":{"rendered":"https:\/\/ludomargroup.com\/customisation"},"modified":"2020-06-04T11:05:30","modified_gmt":"2020-06-04T11:05:30","slug":"personalizacion-de-producto","status":"publish","type":"page","link":"https:\/\/ludomargroup.com\/es\/personalizacion-de-producto","title":{"rendered":"Personalizaci\u00f3n de producto"},"content":{"rendered":"\n<section class=\"wp-block-uagb-columns uagb-columns__wrap uagb-columns__background-undefined uagb-columns__stack-mobile uagb-columns__valign-undefined uagb-columns__gap-15 alignundefined uagb-block-45c70a3b-28ff-42a5-8a65-9b08c42fe43b\"><div class=\"uagb-columns__overlay\"><\/div><div class=\"uagb-columns__inner-wrap uagb-columns__columns-2\">\n<div class=\"wp-block-uagb-column uagb-column__wrap uagb-column__background-undefined uagb-block-cec9b07c-80aa-406a-96b5-288ac41a08db\"><div class=\"uagb-column__overlay\"><\/div><div class=\"uagb-column__inner-wrap\">\n<div class=\"wp-block-uagb-advanced-heading uagb-block-f9e74d4c-d4ae-402b-9186-bb2f17c2fc85\"><h1 class=\"uagb-heading-text\">100% DE PERSONALIZACI\u00d3N EN SUS PRODUCTOS<\/h1><p class=\"uagb-desc-text\">DISE\u00d1AMOS SU PRODUCTO EN EXCLUSIVA DESDE LA FORMA Y LA RECETA, HASTA EL PACKAGING<\/p><\/div>\n\n\n\n<div style=\"color:#b79b60\" class=\"wp-block-atomic-blocks-ab-spacer ab-block-spacer ab-divider-solid ab-spacer-divider ab-divider-size-1\"><hr style=\"height:30px\"\/><\/div>\n\n\n\n<p class=\"justificar\">Podemos personalizar completamente su propio producto, en el m\u00ednimo tiempo. Cont\u00e1ctenos y le propondremos una soluci\u00f3n.<br><br>Estuches de bombones, chocolates de bienvenida, logotipos y relieves en tabletas y piruletas, turrones, inclusiones o decoraciones para pasteles y helados, recetas estables al horno, rellenos, coberturas\u2026<\/p>\n<\/div><\/div>\n\n\n\n<div class=\"wp-block-uagb-column uagb-column__wrap uagb-column__background-undefined uagb-block-bcc94665-2ec7-4360-9758-5166a869e941\"><div class=\"uagb-column__overlay\"><\/div><div class=\"uagb-column__inner-wrap\"><style>.uid-eae31c56ee726ca9  .gt3pg-isotope-item {\n\tpadding-right: 20px;\n\tpadding-bottom: 20px;\n}\n.uid-eae31c56ee726ca9  .gallery-isotope-wrapper {\n\tmargin-right: -20px;\n\tmargin-bottom: -20px;\n}\n.uid-eae31c56ee726ca9  .isotope_item-wrapper {\n\tborder: 2px solid #b79b60;\n\tpadding: 0px;\n}\n<\/style><div id=\"uid-eae31c56ee726ca9\" data-gt3pg-block=\"grid\" data-index=\"1\" class=\"gt3-photo-gallery-pro--isotope_gallery uid-eae31c56ee726ca9 gt3pg-pro--wrapper gt3pg-pro--grid \">\t\t<div data-cols=\"2\" data-cols-tablet=\"2\" data-cols-mobile=\"2\" class=\"gt3pg-isotope-gallery columns-2 hover-default gallery-grid  corner-standard square\" data-settings=\"{&quot;id&quot;:1,&quot;uid&quot;:&quot;uid-eae31c56ee726ca9&quot;,&quot;grid_type&quot;:&quot;square&quot;,&quot;modules&quot;:[&quot;Lightbox&quot;],&quot;lightboxArray&quot;:[{&quot;href&quot;:&quot;https:\\\/\\\/ludomargroup.com\\\/wp-content\\\/uploads\\\/2020\\\/04\\\/ludomar-planta-2.jpg&quot;,&quot;title&quot;:&quot;ludomar-planta-2&quot;,&quot;thumbnail&quot;:&quot;https:\\\/\\\/ludomargroup.com\\\/wp-content\\\/uploads\\\/2020\\\/04\\\/ludomar-planta-2-150x150.jpg&quot;,&quot;description&quot;:&quot;&quot;,&quot;is_video&quot;:0,&quot;image_id&quot;:552,&quot;width&quot;:900,&quot;height&quot;:600},{&quot;href&quot;:&quot;https:\\\/\\\/ludomargroup.com\\\/wp-content\\\/uploads\\\/2020\\\/04\\\/ludomar-planta-1.jpg&quot;,&quot;title&quot;:&quot;ludomar-planta-1&quot;,&quot;thumbnail&quot;:&quot;https:\\\/\\\/ludomargroup.com\\\/wp-content\\\/uploads\\\/2020\\\/04\\\/ludomar-planta-1-150x150.jpg&quot;,&quot;description&quot;:&quot;&quot;,&quot;is_video&quot;:0,&quot;image_id&quot;:546,&quot;width&quot;:900,&quot;height&quot;:600},{&quot;href&quot;:&quot;https:\\\/\\\/ludomargroup.com\\\/wp-content\\\/uploads\\\/2020\\\/04\\\/ludomar-planta-3.jpg&quot;,&quot;title&quot;:&quot;ludomar-planta-3&quot;,&quot;thumbnail&quot;:&quot;https:\\\/\\\/ludomargroup.com\\\/wp-content\\\/uploads\\\/2020\\\/04\\\/ludomar-planta-3-150x150.jpg&quot;,&quot;description&quot;:&quot;&quot;,&quot;is_video&quot;:0,&quot;image_id&quot;:540,&quot;width&quot;:900,&quot;height&quot;:600},{&quot;href&quot;:&quot;https:\\\/\\\/ludomargroup.com\\\/wp-content\\\/uploads\\\/2020\\\/05\\\/IFS-Food.jpg&quot;,&quot;title&quot;:&quot;IFS-Food&quot;,&quot;thumbnail&quot;:&quot;https:\\\/\\\/ludomargroup.com\\\/wp-content\\\/uploads\\\/2020\\\/05\\\/IFS-Food-150x150.jpg&quot;,&quot;description&quot;:&quot;&quot;,&quot;is_video&quot;:0,&quot;image_id&quot;:1006,&quot;width&quot;:600,&quot;height&quot;:600}],&quot;lightbox&quot;:{&quot;enable&quot;:true,&quot;options&quot;:{&quot;instance&quot;:1}},&quot;items&quot;:[{&quot;href&quot;:&quot;https:\\\/\\\/ludomargroup.com\\\/wp-content\\\/uploads\\\/2020\\\/04\\\/ludomar-planta-2.jpg&quot;,&quot;title&quot;:&quot;ludomar-planta-2&quot;,&quot;thumbnail&quot;:&quot;https:\\\/\\\/ludomargroup.com\\\/wp-content\\\/uploads\\\/2020\\\/04\\\/ludomar-planta-2-150x150.jpg&quot;,&quot;description&quot;:&quot;&quot;,&quot;is_video&quot;:0,&quot;image_id&quot;:552,&quot;width&quot;:900,&quot;height&quot;:600},{&quot;href&quot;:&quot;https:\\\/\\\/ludomargroup.com\\\/wp-content\\\/uploads\\\/2020\\\/04\\\/ludomar-planta-1.jpg&quot;,&quot;title&quot;:&quot;ludomar-planta-1&quot;,&quot;thumbnail&quot;:&quot;https:\\\/\\\/ludomargroup.com\\\/wp-content\\\/uploads\\\/2020\\\/04\\\/ludomar-planta-1-150x150.jpg&quot;,&quot;description&quot;:&quot;&quot;,&quot;is_video&quot;:0,&quot;image_id&quot;:546,&quot;width&quot;:900,&quot;height&quot;:600},{&quot;href&quot;:&quot;https:\\\/\\\/ludomargroup.com\\\/wp-content\\\/uploads\\\/2020\\\/04\\\/ludomar-planta-3.jpg&quot;,&quot;title&quot;:&quot;ludomar-planta-3&quot;,&quot;thumbnail&quot;:&quot;https:\\\/\\\/ludomargroup.com\\\/wp-content\\\/uploads\\\/2020\\\/04\\\/ludomar-planta-3-150x150.jpg&quot;,&quot;description&quot;:&quot;&quot;,&quot;is_video&quot;:0,&quot;image_id&quot;:540,&quot;width&quot;:900,&quot;height&quot;:600},{&quot;href&quot;:&quot;https:\\\/\\\/ludomargroup.com\\\/wp-content\\\/uploads\\\/2020\\\/05\\\/IFS-Food.jpg&quot;,&quot;title&quot;:&quot;IFS-Food&quot;,&quot;thumbnail&quot;:&quot;https:\\\/\\\/ludomargroup.com\\\/wp-content\\\/uploads\\\/2020\\\/05\\\/IFS-Food-150x150.jpg&quot;,&quot;description&quot;:&quot;&quot;,&quot;is_video&quot;:0,&quot;image_id&quot;:1006,&quot;width&quot;:600,&quot;height&quot;:600}]}\">\r\n\t\t\t<div class=\"gallery-isotope-wrapper\">\r\n\t\t\t\t<div class=\"gt3pg-isotope-item loading \" ><div class=\"isotope_item-wrapper\"><a href=\"https:\/\/ludomargroup.com\/wp-content\/uploads\/2020\/04\/ludomar-planta-2-768x512.jpg\" class=\"gt3pg-lightbox\" data-elementor-open-lightbox=\"no\"><div class=\"img-wrapper \"><img loading=\"lazy\" decoding=\"async\" width=\"768\" height=\"512\" src=\"https:\/\/ludomargroup.com\/wp-content\/uploads\/2020\/04\/ludomar-planta-2-768x512.jpg\" class=\"skip-lazy gt3-lazy-image\" alt=\"\" data-lazy-srcset=\"https:\/\/ludomargroup.com\/wp-content\/uploads\/2020\/04\/ludomar-planta-2-768x512.jpg 768w, https:\/\/ludomargroup.com\/wp-content\/uploads\/2020\/04\/ludomar-planta-2-300x200.jpg 300w, https:\/\/ludomargroup.com\/wp-content\/uploads\/2020\/04\/ludomar-planta-2-600x400.jpg 600w\" data-lazy-sizes=\"(max-width: 768px) 100vw, 768px\" data-lazy-src=\"https:\/\/ludomargroup.com\/wp-content\/uploads\/2020\/04\/ludomar-planta-2-768x512.jpg?is-pending-load=1\" srcset=\"data:image\/png;base64,iVBORw0KGgoAAAANSUhEUgAAAE0AAAAzCAYAAADSIYUBAAAACXBIWXMAAA7EAAAOxAGVKw4bAAAAJklEQVRo3u3BgQAAAADDoPlTX+AIVQEAAAAAAAAAAAAAAAAAAHAMPY8AAQeL\/AcAAAAASUVORK5CYII=\" \/><\/div><\/a><\/div><\/div><div class=\"gt3pg-isotope-item loading \" ><div class=\"isotope_item-wrapper\"><a href=\"https:\/\/ludomargroup.com\/wp-content\/uploads\/2020\/04\/ludomar-planta-1-768x512.jpg\" class=\"gt3pg-lightbox\" data-elementor-open-lightbox=\"no\"><div class=\"img-wrapper \"><img loading=\"lazy\" decoding=\"async\" width=\"768\" height=\"512\" src=\"https:\/\/ludomargroup.com\/wp-content\/uploads\/2020\/04\/ludomar-planta-1-768x512.jpg\" class=\"skip-lazy gt3-lazy-image\" alt=\"\" data-lazy-srcset=\"https:\/\/ludomargroup.com\/wp-content\/uploads\/2020\/04\/ludomar-planta-1-768x512.jpg 768w, https:\/\/ludomargroup.com\/wp-content\/uploads\/2020\/04\/ludomar-planta-1-300x200.jpg 300w, https:\/\/ludomargroup.com\/wp-content\/uploads\/2020\/04\/ludomar-planta-1-600x400.jpg 600w\" data-lazy-sizes=\"(max-width: 768px) 100vw, 768px\" data-lazy-src=\"https:\/\/ludomargroup.com\/wp-content\/uploads\/2020\/04\/ludomar-planta-1-768x512.jpg?is-pending-load=1\" srcset=\"data:image\/png;base64,iVBORw0KGgoAAAANSUhEUgAAAE0AAAAzCAYAAADSIYUBAAAACXBIWXMAAA7EAAAOxAGVKw4bAAAAJklEQVRo3u3BgQAAAADDoPlTX+AIVQEAAAAAAAAAAAAAAAAAAHAMPY8AAQeL\/AcAAAAASUVORK5CYII=\" \/><\/div><\/a><\/div><\/div><div class=\"gt3pg-isotope-item loading \" ><div class=\"isotope_item-wrapper\"><a href=\"https:\/\/ludomargroup.com\/wp-content\/uploads\/2020\/04\/ludomar-planta-3-768x512.jpg\" class=\"gt3pg-lightbox\" data-elementor-open-lightbox=\"no\"><div class=\"img-wrapper \"><img loading=\"lazy\" decoding=\"async\" width=\"768\" height=\"512\" src=\"https:\/\/ludomargroup.com\/wp-content\/uploads\/2020\/04\/ludomar-planta-3-768x512.jpg\" class=\"skip-lazy gt3-lazy-image\" alt=\"\" data-lazy-srcset=\"https:\/\/ludomargroup.com\/wp-content\/uploads\/2020\/04\/ludomar-planta-3-768x512.jpg 768w, https:\/\/ludomargroup.com\/wp-content\/uploads\/2020\/04\/ludomar-planta-3-300x200.jpg 300w, https:\/\/ludomargroup.com\/wp-content\/uploads\/2020\/04\/ludomar-planta-3-600x400.jpg 600w\" data-lazy-sizes=\"(max-width: 768px) 100vw, 768px\" data-lazy-src=\"https:\/\/ludomargroup.com\/wp-content\/uploads\/2020\/04\/ludomar-planta-3-768x512.jpg?is-pending-load=1\" srcset=\"data:image\/png;base64,iVBORw0KGgoAAAANSUhEUgAAAE0AAAAzCAYAAADSIYUBAAAACXBIWXMAAA7EAAAOxAGVKw4bAAAAJklEQVRo3u3BgQAAAADDoPlTX+AIVQEAAAAAAAAAAAAAAAAAAHAMPY8AAQeL\/AcAAAAASUVORK5CYII=\" \/><\/div><\/a><\/div><\/div><div class=\"gt3pg-isotope-item loading \" ><div class=\"isotope_item-wrapper\"><a href=\"https:\/\/ludomargroup.com\/wp-content\/uploads\/2020\/05\/IFS-Food.jpg\" class=\"gt3pg-lightbox\" data-elementor-open-lightbox=\"no\"><div class=\"img-wrapper \"><img loading=\"lazy\" decoding=\"async\" width=\"600\" height=\"600\" src=\"https:\/\/ludomargroup.com\/wp-content\/uploads\/2020\/05\/IFS-Food.jpg\" class=\"skip-lazy gt3-lazy-image\" alt=\"\" data-lazy-srcset=\"https:\/\/ludomargroup.com\/wp-content\/uploads\/2020\/05\/IFS-Food.jpg 600w, https:\/\/ludomargroup.com\/wp-content\/uploads\/2020\/05\/IFS-Food-300x300.jpg 300w, https:\/\/ludomargroup.com\/wp-content\/uploads\/2020\/05\/IFS-Food-150x150.jpg 150w\" data-lazy-sizes=\"(max-width: 600px) 100vw, 600px\" data-lazy-src=\"https:\/\/ludomargroup.com\/wp-content\/uploads\/2020\/05\/IFS-Food.jpg?is-pending-load=1\" srcset=\"data:image\/png;base64,iVBORw0KGgoAAAANSUhEUgAAADwAAAA8CAYAAAA6\/NlyAAAACXBIWXMAAA7EAAAOxAGVKw4bAAAAJElEQVRo3u3BMQEAAADCoPVP7WkJoAAAAAAAAAAAAAAAAAAAbjh8AAEPFcL7AAAAAElFTkSuQmCC\" \/><\/div><\/a><\/div><\/div>\t\t\t<\/div>\r\n\t\t<\/div>\r\n\t\t<script type=\"application\/json\" id=\"settings--uid-eae31c56ee726ca9\">{\"id\":1,\"uid\":\"uid-eae31c56ee726ca9\",\"grid_type\":\"square\",\"modules\":[\"Lightbox\"],\"lightboxArray\":[{\"href\":\"https:\\\/\\\/ludomargroup.com\\\/wp-content\\\/uploads\\\/2020\\\/04\\\/ludomar-planta-2.jpg\",\"title\":\"ludomar-planta-2\",\"thumbnail\":\"https:\\\/\\\/ludomargroup.com\\\/wp-content\\\/uploads\\\/2020\\\/04\\\/ludomar-planta-2-150x150.jpg\",\"description\":\"\",\"is_video\":0,\"image_id\":552,\"width\":900,\"height\":600},{\"href\":\"https:\\\/\\\/ludomargroup.com\\\/wp-content\\\/uploads\\\/2020\\\/04\\\/ludomar-planta-1.jpg\",\"title\":\"ludomar-planta-1\",\"thumbnail\":\"https:\\\/\\\/ludomargroup.com\\\/wp-content\\\/uploads\\\/2020\\\/04\\\/ludomar-planta-1-150x150.jpg\",\"description\":\"\",\"is_video\":0,\"image_id\":546,\"width\":900,\"height\":600},{\"href\":\"https:\\\/\\\/ludomargroup.com\\\/wp-content\\\/uploads\\\/2020\\\/04\\\/ludomar-planta-3.jpg\",\"title\":\"ludomar-planta-3\",\"thumbnail\":\"https:\\\/\\\/ludomargroup.com\\\/wp-content\\\/uploads\\\/2020\\\/04\\\/ludomar-planta-3-150x150.jpg\",\"description\":\"\",\"is_video\":0,\"image_id\":540,\"width\":900,\"height\":600},{\"href\":\"https:\\\/\\\/ludomargroup.com\\\/wp-content\\\/uploads\\\/2020\\\/05\\\/IFS-Food.jpg\",\"title\":\"IFS-Food\",\"thumbnail\":\"https:\\\/\\\/ludomargroup.com\\\/wp-content\\\/uploads\\\/2020\\\/05\\\/IFS-Food-150x150.jpg\",\"description\":\"\",\"is_video\":0,\"image_id\":1006,\"width\":600,\"height\":600}],\"lightbox\":{\"enable\":true,\"options\":{\"instance\":1}},\"items\":[{\"href\":\"https:\\\/\\\/ludomargroup.com\\\/wp-content\\\/uploads\\\/2020\\\/04\\\/ludomar-planta-2.jpg\",\"title\":\"ludomar-planta-2\",\"thumbnail\":\"https:\\\/\\\/ludomargroup.com\\\/wp-content\\\/uploads\\\/2020\\\/04\\\/ludomar-planta-2-150x150.jpg\",\"description\":\"\",\"is_video\":0,\"image_id\":552,\"width\":900,\"height\":600},{\"href\":\"https:\\\/\\\/ludomargroup.com\\\/wp-content\\\/uploads\\\/2020\\\/04\\\/ludomar-planta-1.jpg\",\"title\":\"ludomar-planta-1\",\"thumbnail\":\"https:\\\/\\\/ludomargroup.com\\\/wp-content\\\/uploads\\\/2020\\\/04\\\/ludomar-planta-1-150x150.jpg\",\"description\":\"\",\"is_video\":0,\"image_id\":546,\"width\":900,\"height\":600},{\"href\":\"https:\\\/\\\/ludomargroup.com\\\/wp-content\\\/uploads\\\/2020\\\/04\\\/ludomar-planta-3.jpg\",\"title\":\"ludomar-planta-3\",\"thumbnail\":\"https:\\\/\\\/ludomargroup.com\\\/wp-content\\\/uploads\\\/2020\\\/04\\\/ludomar-planta-3-150x150.jpg\",\"description\":\"\",\"is_video\":0,\"image_id\":540,\"width\":900,\"height\":600},{\"href\":\"https:\\\/\\\/ludomargroup.com\\\/wp-content\\\/uploads\\\/2020\\\/05\\\/IFS-Food.jpg\",\"title\":\"IFS-Food\",\"thumbnail\":\"https:\\\/\\\/ludomargroup.com\\\/wp-content\\\/uploads\\\/2020\\\/05\\\/IFS-Food-150x150.jpg\",\"description\":\"\",\"is_video\":0,\"image_id\":1006,\"width\":600,\"height\":600}]}<\/script>\r\n\t\t<\/div><\/div><\/div>\n<\/div><\/section>\n","protected":false},"excerpt":{"rendered":"<p>100% DE PERSONALIZACI\u00d3N EN SUS PRODUCTOS DISE\u00d1AMOS SU PRODUCTO EN EXCLUSIVA DESDE LA FORMA Y LA RECETA, HASTA EL PACKAGING Podemos personalizar completamente su propio producto, en el m\u00ednimo tiempo. Cont\u00e1ctenos y le propondremos una soluci\u00f3n. Estuches de bombones, chocolates de bienvenida, logotipos y relieves en tabletas y piruletas, turrones, inclusiones o decoraciones para pasteles&#8230;<\/p>\n","protected":false},"author":1,"featured_media":0,"parent":0,"menu_order":0,"comment_status":"closed","ping_status":"closed","template":"","meta":{"_uag_custom_page_level_css":"","_kad_post_transparent":"","_kad_post_title":"","_kad_post_layout":"","_kad_post_sidebar_id":"","_kad_post_content_style":"","_kad_post_vertical_padding":"","_kad_post_feature":"","_kad_post_feature_position":"","_kad_post_header":false,"_kad_post_footer":false,"footnotes":""},"yoast_head":"<!-- This site is optimized with the Yoast SEO plugin v22.3 - https:\/\/yoast.com\/wordpress\/plugins\/seo\/ -->\n<title>Personalizaci\u00f3n de producto - Ludomar Group<\/title>\n<meta name=\"robots\" content=\"index, follow, max-snippet:-1, max-image-preview:large, max-video-preview:-1\" \/>\n<link rel=\"canonical\" href=\"https:\/\/ludomargroup.com\/es\/personalizacion-de-producto\" \/>\n<meta property=\"og:locale\" content=\"es_ES\" \/>\n<meta property=\"og:type\" content=\"article\" \/>\n<meta property=\"og:title\" content=\"Personalizaci\u00f3n de producto - Ludomar Group\" \/>\n<meta property=\"og:description\" content=\"100% DE PERSONALIZACI\u00d3N EN SUS PRODUCTOS DISE\u00d1AMOS SU PRODUCTO EN EXCLUSIVA DESDE LA FORMA Y LA RECETA, HASTA EL PACKAGING Podemos personalizar completamente su propio producto, en el m\u00ednimo tiempo. Cont\u00e1ctenos y le propondremos una soluci\u00f3n. Estuches de bombones, chocolates de bienvenida, logotipos y relieves en tabletas y piruletas, turrones, inclusiones o decoraciones para pasteles...\" \/>\n<meta property=\"og:url\" content=\"https:\/\/ludomargroup.com\/es\/personalizacion-de-producto\" \/>\n<meta property=\"og:site_name\" content=\"Ludomar Group\" \/>\n<meta property=\"article:modified_time\" content=\"2020-06-04T11:05:30+00:00\" \/>\n<meta name=\"twitter:card\" content=\"summary_large_image\" \/>\n<script type=\"application\/ld+json\" class=\"yoast-schema-graph\">{\"@context\":\"https:\/\/schema.org\",\"@graph\":[{\"@type\":\"WebPage\",\"@id\":\"https:\/\/ludomargroup.com\/es\/personalizacion-de-producto\",\"url\":\"https:\/\/ludomargroup.com\/es\/personalizacion-de-producto\",\"name\":\"Personalizaci\u00f3n de producto - Ludomar Group\",\"isPartOf\":{\"@id\":\"https:\/\/ludomargroup.com\/#website\"},\"datePublished\":\"2020-04-20T08:06:03+00:00\",\"dateModified\":\"2020-06-04T11:05:30+00:00\",\"breadcrumb\":{\"@id\":\"https:\/\/ludomargroup.com\/es\/personalizacion-de-producto#breadcrumb\"},\"inLanguage\":\"es\",\"potentialAction\":[{\"@type\":\"ReadAction\",\"target\":[\"https:\/\/ludomargroup.com\/es\/personalizacion-de-producto\"]}]},{\"@type\":\"BreadcrumbList\",\"@id\":\"https:\/\/ludomargroup.com\/es\/personalizacion-de-producto#breadcrumb\",\"itemListElement\":[{\"@type\":\"ListItem\",\"position\":1,\"name\":\"Home\",\"item\":\"https:\/\/ludomargroup.com\/es\"},{\"@type\":\"ListItem\",\"position\":2,\"name\":\"Personalizaci\u00f3n de producto\"}]},{\"@type\":\"WebSite\",\"@id\":\"https:\/\/ludomargroup.com\/#website\",\"url\":\"https:\/\/ludomargroup.com\/\",\"name\":\"Ludomar Group\",\"description\":\"Providing CHOCOLATE PRODUCTS since 1948\",\"publisher\":{\"@id\":\"https:\/\/ludomargroup.com\/#organization\"},\"potentialAction\":[{\"@type\":\"SearchAction\",\"target\":{\"@type\":\"EntryPoint\",\"urlTemplate\":\"https:\/\/ludomargroup.com\/?s={search_term_string}\"},\"query-input\":\"required name=search_term_string\"}],\"inLanguage\":\"es\"},{\"@type\":\"Organization\",\"@id\":\"https:\/\/ludomargroup.com\/#organization\",\"name\":\"Ludomar Group\",\"url\":\"https:\/\/ludomargroup.com\/\",\"logo\":{\"@type\":\"ImageObject\",\"inLanguage\":\"es\",\"@id\":\"https:\/\/ludomargroup.com\/#\/schema\/logo\/image\/\",\"url\":\"https:\/\/ludomargroup.com\/wp-content\/uploads\/2020\/05\/WEB-Ludomar-ENG-2.jpg\",\"contentUrl\":\"https:\/\/ludomargroup.com\/wp-content\/uploads\/2020\/05\/WEB-Ludomar-ENG-2.jpg\",\"width\":600,\"height\":682,\"caption\":\"Ludomar Group\"},\"image\":{\"@id\":\"https:\/\/ludomargroup.com\/#\/schema\/logo\/image\/\"}}]}<\/script>\n<!-- \/ Yoast SEO plugin. -->","yoast_head_json":{"title":"Personalizaci\u00f3n de producto - Ludomar Group","robots":{"index":"index","follow":"follow","max-snippet":"max-snippet:-1","max-image-preview":"max-image-preview:large","max-video-preview":"max-video-preview:-1"},"canonical":"https:\/\/ludomargroup.com\/es\/personalizacion-de-producto","og_locale":"es_ES","og_type":"article","og_title":"Personalizaci\u00f3n de producto - Ludomar Group","og_description":"100% DE PERSONALIZACI\u00d3N EN SUS PRODUCTOS DISE\u00d1AMOS SU PRODUCTO EN EXCLUSIVA DESDE LA FORMA Y LA RECETA, HASTA EL PACKAGING Podemos personalizar completamente su propio producto, en el m\u00ednimo tiempo. Cont\u00e1ctenos y le propondremos una soluci\u00f3n. Estuches de bombones, chocolates de bienvenida, logotipos y relieves en tabletas y piruletas, turrones, inclusiones o decoraciones para pasteles...","og_url":"https:\/\/ludomargroup.com\/es\/personalizacion-de-producto","og_site_name":"Ludomar Group","article_modified_time":"2020-06-04T11:05:30+00:00","twitter_card":"summary_large_image","schema":{"@context":"https:\/\/schema.org","@graph":[{"@type":"WebPage","@id":"https:\/\/ludomargroup.com\/es\/personalizacion-de-producto","url":"https:\/\/ludomargroup.com\/es\/personalizacion-de-producto","name":"Personalizaci\u00f3n de producto - Ludomar Group","isPartOf":{"@id":"https:\/\/ludomargroup.com\/#website"},"datePublished":"2020-04-20T08:06:03+00:00","dateModified":"2020-06-04T11:05:30+00:00","breadcrumb":{"@id":"https:\/\/ludomargroup.com\/es\/personalizacion-de-producto#breadcrumb"},"inLanguage":"es","potentialAction":[{"@type":"ReadAction","target":["https:\/\/ludomargroup.com\/es\/personalizacion-de-producto"]}]},{"@type":"BreadcrumbList","@id":"https:\/\/ludomargroup.com\/es\/personalizacion-de-producto#breadcrumb","itemListElement":[{"@type":"ListItem","position":1,"name":"Home","item":"https:\/\/ludomargroup.com\/es"},{"@type":"ListItem","position":2,"name":"Personalizaci\u00f3n de producto"}]},{"@type":"WebSite","@id":"https:\/\/ludomargroup.com\/#website","url":"https:\/\/ludomargroup.com\/","name":"Ludomar Group","description":"Providing CHOCOLATE PRODUCTS since 1948","publisher":{"@id":"https:\/\/ludomargroup.com\/#organization"},"potentialAction":[{"@type":"SearchAction","target":{"@type":"EntryPoint","urlTemplate":"https:\/\/ludomargroup.com\/?s={search_term_string}"},"query-input":"required name=search_term_string"}],"inLanguage":"es"},{"@type":"Organization","@id":"https:\/\/ludomargroup.com\/#organization","name":"Ludomar Group","url":"https:\/\/ludomargroup.com\/","logo":{"@type":"ImageObject","inLanguage":"es","@id":"https:\/\/ludomargroup.com\/#\/schema\/logo\/image\/","url":"https:\/\/ludomargroup.com\/wp-content\/uploads\/2020\/05\/WEB-Ludomar-ENG-2.jpg","contentUrl":"https:\/\/ludomargroup.com\/wp-content\/uploads\/2020\/05\/WEB-Ludomar-ENG-2.jpg","width":600,"height":682,"caption":"Ludomar Group"},"image":{"@id":"https:\/\/ludomargroup.com\/#\/schema\/logo\/image\/"}}]}},"featured_image_src":null,"featured_image_src_square":null,"uagb_featured_image_src":{"full":false,"thumbnail":false,"medium":false,"medium_large":false,"large":false,"1536x1536":false,"2048x2048":false,"ab-block-post-grid-landscape":false,"ab-block-post-grid-square":false},"uagb_author_info":{"display_name":"empiezapori","author_link":"https:\/\/ludomargroup.com\/es\/author\/empiezapori"},"uagb_comment_info":0,"uagb_excerpt":"100% DE PERSONALIZACI\u00d3N EN SUS PRODUCTOS DISE\u00d1AMOS SU PRODUCTO EN EXCLUSIVA DESDE LA FORMA Y LA RECETA, HASTA EL PACKAGING Podemos personalizar completamente su propio producto, en el m\u00ednimo tiempo. Cont\u00e1ctenos y le propondremos una soluci\u00f3n. Estuches de bombones, chocolates de bienvenida, logotipos y relieves en tabletas y piruletas, turrones, inclusiones o decoraciones para pasteles...","_links":{"self":[{"href":"https:\/\/ludomargroup.com\/es\/wp-json\/wp\/v2\/pages\/1088"}],"collection":[{"href":"https:\/\/ludomargroup.com\/es\/wp-json\/wp\/v2\/pages"}],"about":[{"href":"https:\/\/ludomargroup.com\/es\/wp-json\/wp\/v2\/types\/page"}],"author":[{"embeddable":true,"href":"https:\/\/ludomargroup.com\/es\/wp-json\/wp\/v2\/users\/1"}],"replies":[{"embeddable":true,"href":"https:\/\/ludomargroup.com\/es\/wp-json\/wp\/v2\/comments?post=1088"}],"version-history":[{"count":5,"href":"https:\/\/ludomargroup.com\/es\/wp-json\/wp\/v2\/pages\/1088\/revisions"}],"predecessor-version":[{"id":1173,"href":"https:\/\/ludomargroup.com\/es\/wp-json\/wp\/v2\/pages\/1088\/revisions\/1173"}],"wp:attachment":[{"href":"https:\/\/ludomargroup.com\/es\/wp-json\/wp\/v2\/media?parent=1088"}],"curies":[{"name":"wp","href":"https:\/\/api.w.org\/{rel}","templated":true}]}}