{"id":1079,"date":"2020-05-05T11:36:56","date_gmt":"2020-05-05T11:36:56","guid":{"rendered":"https:\/\/ludomargroup.com\/about"},"modified":"2020-06-04T11:02:14","modified_gmt":"2020-06-04T11:02:14","slug":"nuestra-historia","status":"publish","type":"page","link":"https:\/\/ludomargroup.com\/es\/nuestra-historia","title":{"rendered":"Nuestra historia"},"content":{"rendered":"\n<section class=\"wp-block-uagb-columns uagb-columns__wrap uagb-columns__background-undefined uagb-columns__stack-mobile uagb-columns__valign-undefined uagb-columns__gap-15 alignundefined uagb-block-e6ba50f8-9c85-48c6-9bd9-fcd557fa15ff\"><div class=\"uagb-columns__overlay\"><\/div><div class=\"uagb-columns__inner-wrap uagb-columns__columns-2\">\n<div class=\"wp-block-uagb-column uagb-column__wrap uagb-column__background-undefined uagb-block-f7995fa4-4cd2-48ea-ab16-0afe03f28c3c\"><div class=\"uagb-column__overlay\"><\/div><div class=\"uagb-column__inner-wrap\">\n<div class=\"wp-block-uagb-advanced-heading uagb-block-36ed6839-6518-4c9e-b392-3ffae0d57205\"><h1 class=\"uagb-heading-text\"><strong>CUALQUIER FORMA, CUALQUIER COMBINACI\u00d3N DE INGREDIENTES, CUALQUIER TEXTURA\u2026<\/strong><\/h1><p class=\"uagb-desc-text\">LO HACEMOS POSIBLE<\/p><\/div>\n\n\n\n<div style=\"color:#b79b60\" class=\"wp-block-atomic-blocks-ab-spacer ab-block-spacer ab-divider-solid ab-spacer-divider ab-divider-size-1\"><hr style=\"height:30px\"\/><\/div>\n\n\n\n<p class=\"justificar\">Con m\u00e1s de 70 a\u00f1os de experiencia en el desarrollo de chocolates de alta calidad, nuestros productos son el resultado de la uni\u00f3n entre tradici\u00f3n, automatizaci\u00f3n, innovaci\u00f3n y creatividad.<br><br>Visite nuestra web y explore nuestro cat\u00e1logo, en un dulce viaje, deteni\u00e9ndose en todo tipo de delicias de chocolate: chocolates terminados en innumerables formatos, texturas, sabores y dise\u00f1os. Vea c\u00f3mo el chocolate, la materia m\u00e1s vers\u00e1til, toma miles de formas: bombones, tabletas, piruletas, turrones, figuras, decoraciones, inclusiones, en una variedad interminable.<\/p>\n<\/div><\/div>\n\n\n\n<div class=\"wp-block-uagb-column uagb-column__wrap uagb-column__background-undefined uagb-block-ceaa7c76-0425-461d-bcd2-115a81b37950\"><div class=\"uagb-column__overlay\"><\/div><div class=\"uagb-column__inner-wrap\">\n<figure class=\"wp-block-video\"><video autoplay controls loop poster=\"https:\/\/ludomargroup.com\/wp-content\/uploads\/2020\/05\/ludomar-video.jpg\" preload=\"auto\" src=\"https:\/\/ludomargroup.com\/wp-content\/uploads\/2020\/05\/Ludomar-Txokolatl-Group.mp4\" playsinline><\/video><\/figure>\n<\/div><\/div>\n<\/div><\/section>\n","protected":false},"excerpt":{"rendered":"<p>CUALQUIER FORMA, CUALQUIER COMBINACI\u00d3N DE INGREDIENTES, CUALQUIER TEXTURA\u2026 LO HACEMOS POSIBLE Con m\u00e1s de 70 a\u00f1os de experiencia en el desarrollo de chocolates de alta calidad, nuestros productos son el resultado de la uni\u00f3n entre tradici\u00f3n, automatizaci\u00f3n, innovaci\u00f3n y creatividad. Visite nuestra web y explore nuestro cat\u00e1logo, en un dulce viaje, deteni\u00e9ndose en todo tipo&#8230;<\/p>\n","protected":false},"author":1,"featured_media":0,"parent":0,"menu_order":0,"comment_status":"closed","ping_status":"closed","template":"","meta":{"_uag_custom_page_level_css":"","_kad_post_transparent":"","_kad_post_title":"","_kad_post_layout":"","_kad_post_sidebar_id":"","_kad_post_content_style":"","_kad_post_vertical_padding":"","_kad_post_feature":"","_kad_post_feature_position":"","_kad_post_header":false,"_kad_post_footer":false,"footnotes":""},"yoast_head":"<!-- This site is optimized with the Yoast SEO plugin v22.3 - https:\/\/yoast.com\/wordpress\/plugins\/seo\/ -->\n<title>Nuestra historia - Ludomar Group<\/title>\n<meta name=\"robots\" content=\"index, follow, max-snippet:-1, max-image-preview:large, max-video-preview:-1\" \/>\n<link rel=\"canonical\" href=\"https:\/\/ludomargroup.com\/es\/nuestra-historia\" \/>\n<meta property=\"og:locale\" content=\"es_ES\" \/>\n<meta property=\"og:type\" content=\"article\" \/>\n<meta property=\"og:title\" content=\"Nuestra historia - Ludomar Group\" \/>\n<meta property=\"og:description\" content=\"CUALQUIER FORMA, CUALQUIER COMBINACI\u00d3N DE INGREDIENTES, CUALQUIER TEXTURA\u2026 LO HACEMOS POSIBLE Con m\u00e1s de 70 a\u00f1os de experiencia en el desarrollo de chocolates de alta calidad, nuestros productos son el resultado de la uni\u00f3n entre tradici\u00f3n, automatizaci\u00f3n, innovaci\u00f3n y creatividad. Visite nuestra web y explore nuestro cat\u00e1logo, en un dulce viaje, deteni\u00e9ndose en todo tipo...\" \/>\n<meta property=\"og:url\" content=\"https:\/\/ludomargroup.com\/es\/nuestra-historia\" \/>\n<meta property=\"og:site_name\" content=\"Ludomar Group\" \/>\n<meta property=\"article:modified_time\" content=\"2020-06-04T11:02:14+00:00\" \/>\n<meta name=\"twitter:card\" content=\"summary_large_image\" \/>\n<meta name=\"twitter:label1\" content=\"Tiempo de lectura\" \/>\n\t<meta name=\"twitter:data1\" content=\"1 minuto\" \/>\n<script type=\"application\/ld+json\" class=\"yoast-schema-graph\">{\"@context\":\"https:\/\/schema.org\",\"@graph\":[{\"@type\":\"WebPage\",\"@id\":\"https:\/\/ludomargroup.com\/es\/nuestra-historia\",\"url\":\"https:\/\/ludomargroup.com\/es\/nuestra-historia\",\"name\":\"Nuestra historia - Ludomar Group\",\"isPartOf\":{\"@id\":\"https:\/\/ludomargroup.com\/#website\"},\"datePublished\":\"2020-05-05T11:36:56+00:00\",\"dateModified\":\"2020-06-04T11:02:14+00:00\",\"breadcrumb\":{\"@id\":\"https:\/\/ludomargroup.com\/es\/nuestra-historia#breadcrumb\"},\"inLanguage\":\"es\",\"potentialAction\":[{\"@type\":\"ReadAction\",\"target\":[\"https:\/\/ludomargroup.com\/es\/nuestra-historia\"]}]},{\"@type\":\"BreadcrumbList\",\"@id\":\"https:\/\/ludomargroup.com\/es\/nuestra-historia#breadcrumb\",\"itemListElement\":[{\"@type\":\"ListItem\",\"position\":1,\"name\":\"Home\",\"item\":\"https:\/\/ludomargroup.com\/es\"},{\"@type\":\"ListItem\",\"position\":2,\"name\":\"Nuestra historia\"}]},{\"@type\":\"WebSite\",\"@id\":\"https:\/\/ludomargroup.com\/#website\",\"url\":\"https:\/\/ludomargroup.com\/\",\"name\":\"Ludomar Group\",\"description\":\"Providing CHOCOLATE PRODUCTS since 1948\",\"publisher\":{\"@id\":\"https:\/\/ludomargroup.com\/#organization\"},\"potentialAction\":[{\"@type\":\"SearchAction\",\"target\":{\"@type\":\"EntryPoint\",\"urlTemplate\":\"https:\/\/ludomargroup.com\/?s={search_term_string}\"},\"query-input\":\"required name=search_term_string\"}],\"inLanguage\":\"es\"},{\"@type\":\"Organization\",\"@id\":\"https:\/\/ludomargroup.com\/#organization\",\"name\":\"Ludomar Group\",\"url\":\"https:\/\/ludomargroup.com\/\",\"logo\":{\"@type\":\"ImageObject\",\"inLanguage\":\"es\",\"@id\":\"https:\/\/ludomargroup.com\/#\/schema\/logo\/image\/\",\"url\":\"https:\/\/ludomargroup.com\/wp-content\/uploads\/2020\/05\/WEB-Ludomar-ENG-2.jpg\",\"contentUrl\":\"https:\/\/ludomargroup.com\/wp-content\/uploads\/2020\/05\/WEB-Ludomar-ENG-2.jpg\",\"width\":600,\"height\":682,\"caption\":\"Ludomar Group\"},\"image\":{\"@id\":\"https:\/\/ludomargroup.com\/#\/schema\/logo\/image\/\"}}]}<\/script>\n<!-- \/ Yoast SEO plugin. -->","yoast_head_json":{"title":"Nuestra historia - Ludomar Group","robots":{"index":"index","follow":"follow","max-snippet":"max-snippet:-1","max-image-preview":"max-image-preview:large","max-video-preview":"max-video-preview:-1"},"canonical":"https:\/\/ludomargroup.com\/es\/nuestra-historia","og_locale":"es_ES","og_type":"article","og_title":"Nuestra historia - Ludomar Group","og_description":"CUALQUIER FORMA, CUALQUIER COMBINACI\u00d3N DE INGREDIENTES, CUALQUIER TEXTURA\u2026 LO HACEMOS POSIBLE Con m\u00e1s de 70 a\u00f1os de experiencia en el desarrollo de chocolates de alta calidad, nuestros productos son el resultado de la uni\u00f3n entre tradici\u00f3n, automatizaci\u00f3n, innovaci\u00f3n y creatividad. Visite nuestra web y explore nuestro cat\u00e1logo, en un dulce viaje, deteni\u00e9ndose en todo tipo...","og_url":"https:\/\/ludomargroup.com\/es\/nuestra-historia","og_site_name":"Ludomar Group","article_modified_time":"2020-06-04T11:02:14+00:00","twitter_card":"summary_large_image","twitter_misc":{"Tiempo de lectura":"1 minuto"},"schema":{"@context":"https:\/\/schema.org","@graph":[{"@type":"WebPage","@id":"https:\/\/ludomargroup.com\/es\/nuestra-historia","url":"https:\/\/ludomargroup.com\/es\/nuestra-historia","name":"Nuestra historia - Ludomar Group","isPartOf":{"@id":"https:\/\/ludomargroup.com\/#website"},"datePublished":"2020-05-05T11:36:56+00:00","dateModified":"2020-06-04T11:02:14+00:00","breadcrumb":{"@id":"https:\/\/ludomargroup.com\/es\/nuestra-historia#breadcrumb"},"inLanguage":"es","potentialAction":[{"@type":"ReadAction","target":["https:\/\/ludomargroup.com\/es\/nuestra-historia"]}]},{"@type":"BreadcrumbList","@id":"https:\/\/ludomargroup.com\/es\/nuestra-historia#breadcrumb","itemListElement":[{"@type":"ListItem","position":1,"name":"Home","item":"https:\/\/ludomargroup.com\/es"},{"@type":"ListItem","position":2,"name":"Nuestra historia"}]},{"@type":"WebSite","@id":"https:\/\/ludomargroup.com\/#website","url":"https:\/\/ludomargroup.com\/","name":"Ludomar Group","description":"Providing CHOCOLATE PRODUCTS since 1948","publisher":{"@id":"https:\/\/ludomargroup.com\/#organization"},"potentialAction":[{"@type":"SearchAction","target":{"@type":"EntryPoint","urlTemplate":"https:\/\/ludomargroup.com\/?s={search_term_string}"},"query-input":"required name=search_term_string"}],"inLanguage":"es"},{"@type":"Organization","@id":"https:\/\/ludomargroup.com\/#organization","name":"Ludomar Group","url":"https:\/\/ludomargroup.com\/","logo":{"@type":"ImageObject","inLanguage":"es","@id":"https:\/\/ludomargroup.com\/#\/schema\/logo\/image\/","url":"https:\/\/ludomargroup.com\/wp-content\/uploads\/2020\/05\/WEB-Ludomar-ENG-2.jpg","contentUrl":"https:\/\/ludomargroup.com\/wp-content\/uploads\/2020\/05\/WEB-Ludomar-ENG-2.jpg","width":600,"height":682,"caption":"Ludomar Group"},"image":{"@id":"https:\/\/ludomargroup.com\/#\/schema\/logo\/image\/"}}]}},"featured_image_src":null,"featured_image_src_square":null,"uagb_featured_image_src":{"full":false,"thumbnail":false,"medium":false,"medium_large":false,"large":false,"1536x1536":false,"2048x2048":false,"ab-block-post-grid-landscape":false,"ab-block-post-grid-square":false},"uagb_author_info":{"display_name":"empiezapori","author_link":"https:\/\/ludomargroup.com\/es\/author\/empiezapori"},"uagb_comment_info":0,"uagb_excerpt":"CUALQUIER FORMA, CUALQUIER COMBINACI\u00d3N DE INGREDIENTES, CUALQUIER TEXTURA\u2026 LO HACEMOS POSIBLE Con m\u00e1s de 70 a\u00f1os de experiencia en el desarrollo de chocolates de alta calidad, nuestros productos son el resultado de la uni\u00f3n entre tradici\u00f3n, automatizaci\u00f3n, innovaci\u00f3n y creatividad. Visite nuestra web y explore nuestro cat\u00e1logo, en un dulce viaje, deteni\u00e9ndose en todo tipo...","_links":{"self":[{"href":"https:\/\/ludomargroup.com\/es\/wp-json\/wp\/v2\/pages\/1079"}],"collection":[{"href":"https:\/\/ludomargroup.com\/es\/wp-json\/wp\/v2\/pages"}],"about":[{"href":"https:\/\/ludomargroup.com\/es\/wp-json\/wp\/v2\/types\/page"}],"author":[{"embeddable":true,"href":"https:\/\/ludomargroup.com\/es\/wp-json\/wp\/v2\/users\/1"}],"replies":[{"embeddable":true,"href":"https:\/\/ludomargroup.com\/es\/wp-json\/wp\/v2\/comments?post=1079"}],"version-history":[{"count":5,"href":"https:\/\/ludomargroup.com\/es\/wp-json\/wp\/v2\/pages\/1079\/revisions"}],"predecessor-version":[{"id":1165,"href":"https:\/\/ludomargroup.com\/es\/wp-json\/wp\/v2\/pages\/1079\/revisions\/1165"}],"wp:attachment":[{"href":"https:\/\/ludomargroup.com\/es\/wp-json\/wp\/v2\/media?parent=1079"}],"curies":[{"name":"wp","href":"https:\/\/api.w.org\/{rel}","templated":true}]}}