{"id":1074,"date":"2020-04-20T15:47:04","date_gmt":"2020-04-20T15:47:04","guid":{"rendered":"https:\/\/ludomargroup.com\/home"},"modified":"2024-03-21T14:50:46","modified_gmt":"2024-03-21T14:50:46","slug":"home","status":"publish","type":"page","link":"https:\/\/ludomargroup.com\/es","title":{"rendered":"Home"},"content":{"rendered":"\n<section class=\"wp-block-uagb-container uagb-block-27ea0916 alignfull uagb-is-root-container\"><div class=\"uagb-container-inner-blocks-wrap\">\n<div class=\"wp-block-uagb-container uagb-block-ab39a920\">\n<div class=\"wp-block-uagb-advanced-heading uagb-block-c41c6a17\"><h1 class=\"uagb-heading-text\"><strong>LUDOMAR OFRECE PRODUCTOS DE CHOCOLATE DESDE 1948<\/strong><\/h1><p class=\"uagb-desc-text\">INNOVACI\u00d3N &#8211; TRADICI\u00d3N &#8211; PERSONAS &#8211; CALIDAD<\/p><\/div>\n\n\n\n<div style=\"color:#b79b60\" class=\"wp-block-atomic-blocks-ab-spacer ab-block-spacer ab-divider-solid ab-spacer-divider ab-divider-size-1\"><hr style=\"height:30px\"\/><\/div>\n\n\n\n<p class=\"justificar\">Estamos continuamente innovando nuestras instalaciones y operaciones para ser una referencia en el sector del chocolate.<br><br>Combinamos la tradici\u00f3n del proceso artesanal junto con las tecnolog\u00edas m\u00e1s avanzadas.<br><br>Creemos en nuestro equipo \u00fanico.<br><br>Tratamos cada uno de nuestros productos como joyas \u00fanicas.<\/p>\n\n\n\n<div class=\"wp-block-uagb-buttons uagb-buttons__outer-wrap uagb-btn__default-btn uagb-btn-tablet__default-btn uagb-btn-mobile__default-btn uagb-block-fe80a453\"><div class=\"uagb-buttons__wrap uagb-buttons-layout-wrap\">\n<div class=\"wp-block-uagb-buttons-child uagb-buttons__outer-wrap uagb-block-e371430e wp-block-button\"><div class=\"uagb-button__wrapper\"><a class=\"uagb-buttons-repeater wp-block-button__link\" aria-label=\"\" href=\"https:\/\/chocolatepassion.eu\/\" rel=\"follow noopener\" target=\"_blank\"><div class=\"uagb-button__link\">Compra Online<\/div><\/a><\/div><\/div>\n<\/div><\/div>\n<\/div>\n\n\n\n<div class=\"wp-block-uagb-container uagb-block-5df23022\">\n<figure class=\"wp-block-image size-large logo-ludomar\"><img loading=\"lazy\" decoding=\"async\" width=\"350\" height=\"349\" src=\"https:\/\/ludomargroup.com\/wp-content\/uploads\/2020\/05\/ludomar-txokolatl-logo-marron-350.png\" alt=\"\" class=\"wp-image-1039\" srcset=\"https:\/\/ludomargroup.com\/wp-content\/uploads\/2020\/05\/ludomar-txokolatl-logo-marron-350.png 350w, https:\/\/ludomargroup.com\/wp-content\/uploads\/2020\/05\/ludomar-txokolatl-logo-marron-350-300x300.png 300w, https:\/\/ludomargroup.com\/wp-content\/uploads\/2020\/05\/ludomar-txokolatl-logo-marron-350-150x150.png 150w\" sizes=\"(max-width: 350px) 100vw, 350px\" \/><\/figure>\n<\/div>\n<\/div><\/section>\n","protected":false},"excerpt":{"rendered":"<p>LUDOMAR OFRECE PRODUCTOS DE CHOCOLATE DESDE 1948 INNOVACI\u00d3N &#8211; TRADICI\u00d3N &#8211; PERSONAS &#8211; CALIDAD Estamos continuamente innovando nuestras instalaciones y operaciones para ser una referencia en el sector del chocolate. Combinamos la tradici\u00f3n del proceso artesanal junto con las tecnolog\u00edas m\u00e1s avanzadas. Creemos en nuestro equipo \u00fanico. Tratamos cada uno de nuestros productos como joyas&#8230;<\/p>\n","protected":false},"author":1,"featured_media":0,"parent":0,"menu_order":0,"comment_status":"closed","ping_status":"closed","template":"","meta":{"_uag_custom_page_level_css":"","_kad_post_transparent":"","_kad_post_title":"","_kad_post_layout":"","_kad_post_sidebar_id":"","_kad_post_content_style":"","_kad_post_vertical_padding":"","_kad_post_feature":"","_kad_post_feature_position":"","_kad_post_header":false,"_kad_post_footer":false,"footnotes":""},"yoast_head":"<!-- This site is optimized with the Yoast SEO plugin v22.3 - https:\/\/yoast.com\/wordpress\/plugins\/seo\/ -->\n<title>LUDOMAR OFRECE PRODUCTOS DE CHOCOLATE DESDE 1948<\/title>\n<meta name=\"description\" content=\"En LUDOMAR GROUP estamos continuamente innovando nuestras instalaciones y operaciones para ser una referencia en el sector del chocolate.\" \/>\n<meta name=\"robots\" content=\"index, follow, max-snippet:-1, max-image-preview:large, max-video-preview:-1\" \/>\n<link rel=\"canonical\" href=\"https:\/\/ludomargroup.com\/es\" \/>\n<meta property=\"og:locale\" content=\"es_ES\" \/>\n<meta property=\"og:type\" content=\"article\" \/>\n<meta property=\"og:title\" content=\"LUDOMAR OFRECE PRODUCTOS DE CHOCOLATE DESDE 1948\" \/>\n<meta property=\"og:description\" content=\"En LUDOMAR GROUP estamos continuamente innovando nuestras instalaciones y operaciones para ser una referencia en el sector del chocolate.\" \/>\n<meta property=\"og:url\" content=\"https:\/\/ludomargroup.com\/es\" \/>\n<meta property=\"og:site_name\" content=\"Ludomar Group\" \/>\n<meta property=\"article:modified_time\" content=\"2024-03-21T14:50:46+00:00\" \/>\n<meta property=\"og:image\" content=\"https:\/\/ludomargroup.com\/wp-content\/uploads\/2020\/05\/ludomar-txokolatl-logo-marron-350.png\" \/>\n<meta name=\"twitter:card\" content=\"summary_large_image\" \/>\n<meta name=\"twitter:label1\" content=\"Tiempo de lectura\" \/>\n\t<meta name=\"twitter:data1\" content=\"1 minuto\" \/>\n<script type=\"application\/ld+json\" class=\"yoast-schema-graph\">{\"@context\":\"https:\/\/schema.org\",\"@graph\":[{\"@type\":\"WebPage\",\"@id\":\"https:\/\/ludomargroup.com\/es\",\"url\":\"https:\/\/ludomargroup.com\/es\",\"name\":\"LUDOMAR OFRECE PRODUCTOS DE CHOCOLATE DESDE 1948\",\"isPartOf\":{\"@id\":\"https:\/\/ludomargroup.com\/#website\"},\"primaryImageOfPage\":{\"@id\":\"https:\/\/ludomargroup.com\/es#primaryimage\"},\"image\":{\"@id\":\"https:\/\/ludomargroup.com\/es#primaryimage\"},\"thumbnailUrl\":\"https:\/\/ludomargroup.com\/wp-content\/uploads\/2020\/05\/ludomar-txokolatl-logo-marron-350.png\",\"datePublished\":\"2020-04-20T15:47:04+00:00\",\"dateModified\":\"2024-03-21T14:50:46+00:00\",\"description\":\"En LUDOMAR GROUP estamos continuamente innovando nuestras instalaciones y operaciones para ser una referencia en el sector del chocolate.\",\"breadcrumb\":{\"@id\":\"https:\/\/ludomargroup.com\/es#breadcrumb\"},\"inLanguage\":\"es\",\"potentialAction\":[{\"@type\":\"ReadAction\",\"target\":[\"https:\/\/ludomargroup.com\/es\"]}]},{\"@type\":\"ImageObject\",\"inLanguage\":\"es\",\"@id\":\"https:\/\/ludomargroup.com\/es#primaryimage\",\"url\":\"https:\/\/ludomargroup.com\/wp-content\/uploads\/2020\/05\/ludomar-txokolatl-logo-marron-350.png\",\"contentUrl\":\"https:\/\/ludomargroup.com\/wp-content\/uploads\/2020\/05\/ludomar-txokolatl-logo-marron-350.png\",\"width\":350,\"height\":349},{\"@type\":\"BreadcrumbList\",\"@id\":\"https:\/\/ludomargroup.com\/es#breadcrumb\",\"itemListElement\":[{\"@type\":\"ListItem\",\"position\":1,\"name\":\"Home\",\"item\":\"https:\/\/ludomargroup.com\/es\"},{\"@type\":\"ListItem\",\"position\":2,\"name\":\"Home\"}]},{\"@type\":\"WebSite\",\"@id\":\"https:\/\/ludomargroup.com\/#website\",\"url\":\"https:\/\/ludomargroup.com\/\",\"name\":\"Ludomar Group\",\"description\":\"Providing CHOCOLATE PRODUCTS since 1948\",\"publisher\":{\"@id\":\"https:\/\/ludomargroup.com\/#organization\"},\"potentialAction\":[{\"@type\":\"SearchAction\",\"target\":{\"@type\":\"EntryPoint\",\"urlTemplate\":\"https:\/\/ludomargroup.com\/?s={search_term_string}\"},\"query-input\":\"required name=search_term_string\"}],\"inLanguage\":\"es\"},{\"@type\":\"Organization\",\"@id\":\"https:\/\/ludomargroup.com\/#organization\",\"name\":\"Ludomar Group\",\"url\":\"https:\/\/ludomargroup.com\/\",\"logo\":{\"@type\":\"ImageObject\",\"inLanguage\":\"es\",\"@id\":\"https:\/\/ludomargroup.com\/#\/schema\/logo\/image\/\",\"url\":\"https:\/\/ludomargroup.com\/wp-content\/uploads\/2020\/05\/WEB-Ludomar-ENG-2.jpg\",\"contentUrl\":\"https:\/\/ludomargroup.com\/wp-content\/uploads\/2020\/05\/WEB-Ludomar-ENG-2.jpg\",\"width\":600,\"height\":682,\"caption\":\"Ludomar Group\"},\"image\":{\"@id\":\"https:\/\/ludomargroup.com\/#\/schema\/logo\/image\/\"}}]}<\/script>\n<!-- \/ Yoast SEO plugin. -->","yoast_head_json":{"title":"LUDOMAR OFRECE PRODUCTOS DE CHOCOLATE DESDE 1948","description":"En LUDOMAR GROUP estamos continuamente innovando nuestras instalaciones y operaciones para ser una referencia en el sector del chocolate.","robots":{"index":"index","follow":"follow","max-snippet":"max-snippet:-1","max-image-preview":"max-image-preview:large","max-video-preview":"max-video-preview:-1"},"canonical":"https:\/\/ludomargroup.com\/es","og_locale":"es_ES","og_type":"article","og_title":"LUDOMAR OFRECE PRODUCTOS DE CHOCOLATE DESDE 1948","og_description":"En LUDOMAR GROUP estamos continuamente innovando nuestras instalaciones y operaciones para ser una referencia en el sector del chocolate.","og_url":"https:\/\/ludomargroup.com\/es","og_site_name":"Ludomar Group","article_modified_time":"2024-03-21T14:50:46+00:00","og_image":[{"url":"https:\/\/ludomargroup.com\/wp-content\/uploads\/2020\/05\/ludomar-txokolatl-logo-marron-350.png"}],"twitter_card":"summary_large_image","twitter_misc":{"Tiempo de lectura":"1 minuto"},"schema":{"@context":"https:\/\/schema.org","@graph":[{"@type":"WebPage","@id":"https:\/\/ludomargroup.com\/es","url":"https:\/\/ludomargroup.com\/es","name":"LUDOMAR OFRECE PRODUCTOS DE CHOCOLATE DESDE 1948","isPartOf":{"@id":"https:\/\/ludomargroup.com\/#website"},"primaryImageOfPage":{"@id":"https:\/\/ludomargroup.com\/es#primaryimage"},"image":{"@id":"https:\/\/ludomargroup.com\/es#primaryimage"},"thumbnailUrl":"https:\/\/ludomargroup.com\/wp-content\/uploads\/2020\/05\/ludomar-txokolatl-logo-marron-350.png","datePublished":"2020-04-20T15:47:04+00:00","dateModified":"2024-03-21T14:50:46+00:00","description":"En LUDOMAR GROUP estamos continuamente innovando nuestras instalaciones y operaciones para ser una referencia en el sector del chocolate.","breadcrumb":{"@id":"https:\/\/ludomargroup.com\/es#breadcrumb"},"inLanguage":"es","potentialAction":[{"@type":"ReadAction","target":["https:\/\/ludomargroup.com\/es"]}]},{"@type":"ImageObject","inLanguage":"es","@id":"https:\/\/ludomargroup.com\/es#primaryimage","url":"https:\/\/ludomargroup.com\/wp-content\/uploads\/2020\/05\/ludomar-txokolatl-logo-marron-350.png","contentUrl":"https:\/\/ludomargroup.com\/wp-content\/uploads\/2020\/05\/ludomar-txokolatl-logo-marron-350.png","width":350,"height":349},{"@type":"BreadcrumbList","@id":"https:\/\/ludomargroup.com\/es#breadcrumb","itemListElement":[{"@type":"ListItem","position":1,"name":"Home","item":"https:\/\/ludomargroup.com\/es"},{"@type":"ListItem","position":2,"name":"Home"}]},{"@type":"WebSite","@id":"https:\/\/ludomargroup.com\/#website","url":"https:\/\/ludomargroup.com\/","name":"Ludomar Group","description":"Providing CHOCOLATE PRODUCTS since 1948","publisher":{"@id":"https:\/\/ludomargroup.com\/#organization"},"potentialAction":[{"@type":"SearchAction","target":{"@type":"EntryPoint","urlTemplate":"https:\/\/ludomargroup.com\/?s={search_term_string}"},"query-input":"required name=search_term_string"}],"inLanguage":"es"},{"@type":"Organization","@id":"https:\/\/ludomargroup.com\/#organization","name":"Ludomar Group","url":"https:\/\/ludomargroup.com\/","logo":{"@type":"ImageObject","inLanguage":"es","@id":"https:\/\/ludomargroup.com\/#\/schema\/logo\/image\/","url":"https:\/\/ludomargroup.com\/wp-content\/uploads\/2020\/05\/WEB-Ludomar-ENG-2.jpg","contentUrl":"https:\/\/ludomargroup.com\/wp-content\/uploads\/2020\/05\/WEB-Ludomar-ENG-2.jpg","width":600,"height":682,"caption":"Ludomar Group"},"image":{"@id":"https:\/\/ludomargroup.com\/#\/schema\/logo\/image\/"}}]}},"featured_image_src":null,"featured_image_src_square":null,"uagb_featured_image_src":{"full":false,"thumbnail":false,"medium":false,"medium_large":false,"large":false,"1536x1536":false,"2048x2048":false,"ab-block-post-grid-landscape":false,"ab-block-post-grid-square":false},"uagb_author_info":{"display_name":"empiezapori","author_link":"https:\/\/ludomargroup.com\/es\/author\/empiezapori"},"uagb_comment_info":0,"uagb_excerpt":"LUDOMAR OFRECE PRODUCTOS DE CHOCOLATE DESDE 1948 INNOVACI\u00d3N &#8211; TRADICI\u00d3N &#8211; PERSONAS &#8211; CALIDAD Estamos continuamente innovando nuestras instalaciones y operaciones para ser una referencia en el sector del chocolate. Combinamos la tradici\u00f3n del proceso artesanal junto con las tecnolog\u00edas m\u00e1s avanzadas. Creemos en nuestro equipo \u00fanico. Tratamos cada uno de nuestros productos como joyas...","_links":{"self":[{"href":"https:\/\/ludomargroup.com\/es\/wp-json\/wp\/v2\/pages\/1074"}],"collection":[{"href":"https:\/\/ludomargroup.com\/es\/wp-json\/wp\/v2\/pages"}],"about":[{"href":"https:\/\/ludomargroup.com\/es\/wp-json\/wp\/v2\/types\/page"}],"author":[{"embeddable":true,"href":"https:\/\/ludomargroup.com\/es\/wp-json\/wp\/v2\/users\/1"}],"replies":[{"embeddable":true,"href":"https:\/\/ludomargroup.com\/es\/wp-json\/wp\/v2\/comments?post=1074"}],"version-history":[{"count":5,"href":"https:\/\/ludomargroup.com\/es\/wp-json\/wp\/v2\/pages\/1074\/revisions"}],"predecessor-version":[{"id":1274,"href":"https:\/\/ludomargroup.com\/es\/wp-json\/wp\/v2\/pages\/1074\/revisions\/1274"}],"wp:attachment":[{"href":"https:\/\/ludomargroup.com\/es\/wp-json\/wp\/v2\/media?parent=1074"}],"curies":[{"name":"wp","href":"https:\/\/api.w.org\/{rel}","templated":true}]}}