{"id":558,"date":"2020-04-20T15:47:04","date_gmt":"2020-04-20T15:47:04","guid":{"rendered":"https:\/\/ludomargroup.com\/home"},"modified":"2024-03-21T14:51:26","modified_gmt":"2024-03-21T14:51:26","slug":"home","status":"publish","type":"page","link":"https:\/\/ludomargroup.com\/ca","title":{"rendered":"Home"},"content":{"rendered":"\n<section class=\"wp-block-uagb-container uagb-block-c59021ea alignfull uagb-is-root-container\"><div class=\"uagb-container-inner-blocks-wrap\">\n<div class=\"wp-block-uagb-container uagb-block-f1487da0\">\n<div class=\"wp-block-uagb-advanced-heading uagb-block-356a3eec\"><h1 class=\"uagb-heading-text\"><strong>LUDOMAR OFEREIX PRODUCTES DE XOCOLATA DES DE 1948<\/strong><\/h1><p class=\"uagb-desc-text\">INNOVACI\u00d3 &#8211; TRADICI\u00d3 &#8211; PERSONES &#8211; QUALITAT<\/p><\/div>\n\n\n\n<div style=\"color:#b79b60\" class=\"wp-block-atomic-blocks-ab-spacer ab-block-spacer ab-divider-solid ab-spacer-divider ab-divider-size-1\"><hr style=\"height:30px\"\/><\/div>\n\n\n\n<p class=\"justificar\">Estem cont\u00ednuament innovant les nostres instal\u00b7lacions i operacions per ser una refer\u00e8ncia en el sector de la xocolata.<br><br>Combinem la tradici\u00f3 del proc\u00e9s artesanal juntament amb les tecnologies m\u00e9s avan\u00e7ades.<br><br>Creiem en el nostre equip \u00fanic.<br><br>Tractem cadascun dels nostres productes com joies \u00faniques.<\/p>\n\n\n\n<div class=\"wp-block-uagb-buttons uagb-buttons__outer-wrap uagb-btn__default-btn uagb-btn-tablet__default-btn uagb-btn-mobile__default-btn uagb-block-fe80a453\"><div class=\"uagb-buttons__wrap uagb-buttons-layout-wrap\">\n<div class=\"wp-block-uagb-buttons-child uagb-buttons__outer-wrap uagb-block-e371430e wp-block-button\"><div class=\"uagb-button__wrapper\"><a class=\"uagb-buttons-repeater wp-block-button__link\" aria-label=\"\" href=\"https:\/\/chocolatepassion.eu\/\" rel=\"follow noopener\" target=\"_blank\"><div class=\"uagb-button__link\">Compra Online<\/div><\/a><\/div><\/div>\n<\/div><\/div>\n<\/div>\n\n\n\n<div class=\"wp-block-uagb-container uagb-block-f5dc05c8\">\n<figure class=\"wp-block-image size-large logo-ludomar\"><img loading=\"lazy\" decoding=\"async\" width=\"350\" height=\"349\" src=\"https:\/\/ludomargroup.com\/wp-content\/uploads\/2020\/05\/ludomar-txokolatl-logo-marron-350.png\" alt=\"\" class=\"wp-image-1039\" srcset=\"https:\/\/ludomargroup.com\/wp-content\/uploads\/2020\/05\/ludomar-txokolatl-logo-marron-350.png 350w, https:\/\/ludomargroup.com\/wp-content\/uploads\/2020\/05\/ludomar-txokolatl-logo-marron-350-300x300.png 300w, https:\/\/ludomargroup.com\/wp-content\/uploads\/2020\/05\/ludomar-txokolatl-logo-marron-350-150x150.png 150w\" sizes=\"(max-width: 350px) 100vw, 350px\" \/><\/figure>\n<\/div>\n<\/div><\/section>\n","protected":false},"excerpt":{"rendered":"<p>LUDOMAR OFEREIX PRODUCTES DE XOCOLATA DES DE 1948 INNOVACI\u00d3 &#8211; TRADICI\u00d3 &#8211; PERSONES &#8211; QUALITAT Estem cont\u00ednuament innovant les nostres instal\u00b7lacions i operacions per ser una refer\u00e8ncia en el sector de la xocolata. Combinem la tradici\u00f3 del proc\u00e9s artesanal juntament amb les tecnologies m\u00e9s avan\u00e7ades. Creiem en el nostre equip \u00fanic. Tractem cadascun dels nostres&#8230;<\/p>\n","protected":false},"author":1,"featured_media":0,"parent":0,"menu_order":0,"comment_status":"closed","ping_status":"closed","template":"","meta":{"_uag_custom_page_level_css":"","_kad_post_transparent":"","_kad_post_title":"","_kad_post_layout":"","_kad_post_sidebar_id":"","_kad_post_content_style":"","_kad_post_vertical_padding":"","_kad_post_feature":"","_kad_post_feature_position":"","_kad_post_header":false,"_kad_post_footer":false,"footnotes":""},"yoast_head":"<!-- This site is optimized with the Yoast SEO plugin v22.3 - https:\/\/yoast.com\/wordpress\/plugins\/seo\/ -->\n<title>LUDOMAR GRUP Ofereix productes de xocolata des de 1948<\/title>\n<meta name=\"description\" content=\"Estem cont\u00ednuament innovant les nostres instal\u00b7lacions i operacions per ser una refer\u00e8ncia en el sector de la xocolata.\" \/>\n<meta name=\"robots\" content=\"index, follow, max-snippet:-1, max-image-preview:large, max-video-preview:-1\" \/>\n<link rel=\"canonical\" href=\"https:\/\/ludomargroup.com\/ca\" \/>\n<meta property=\"og:locale\" content=\"ca_ES\" \/>\n<meta property=\"og:type\" content=\"article\" \/>\n<meta property=\"og:title\" content=\"LUDOMAR GRUP Ofereix productes de xocolata des de 1948\" \/>\n<meta property=\"og:description\" content=\"Estem cont\u00ednuament innovant les nostres instal\u00b7lacions i operacions per ser una refer\u00e8ncia en el sector de la xocolata.\" \/>\n<meta property=\"og:url\" content=\"https:\/\/ludomargroup.com\/ca\" \/>\n<meta property=\"og:site_name\" content=\"Ludomar Group\" \/>\n<meta property=\"article:modified_time\" content=\"2024-03-21T14:51:26+00:00\" \/>\n<meta property=\"og:image\" content=\"https:\/\/ludomargroup.com\/wp-content\/uploads\/2020\/05\/ludomar-txokolatl-logo-marron-350.png\" \/>\n<meta name=\"twitter:card\" content=\"summary_large_image\" \/>\n<meta name=\"twitter:label1\" content=\"Temps estimat de lectura\" \/>\n\t<meta name=\"twitter:data1\" content=\"1 minut\" \/>\n<script type=\"application\/ld+json\" class=\"yoast-schema-graph\">{\"@context\":\"https:\/\/schema.org\",\"@graph\":[{\"@type\":\"WebPage\",\"@id\":\"https:\/\/ludomargroup.com\/ca\",\"url\":\"https:\/\/ludomargroup.com\/ca\",\"name\":\"LUDOMAR GRUP Ofereix productes de xocolata des de 1948\",\"isPartOf\":{\"@id\":\"https:\/\/ludomargroup.com\/#website\"},\"primaryImageOfPage\":{\"@id\":\"https:\/\/ludomargroup.com\/ca#primaryimage\"},\"image\":{\"@id\":\"https:\/\/ludomargroup.com\/ca#primaryimage\"},\"thumbnailUrl\":\"https:\/\/ludomargroup.com\/wp-content\/uploads\/2020\/05\/ludomar-txokolatl-logo-marron-350.png\",\"datePublished\":\"2020-04-20T15:47:04+00:00\",\"dateModified\":\"2024-03-21T14:51:26+00:00\",\"description\":\"Estem cont\u00ednuament innovant les nostres instal\u00b7lacions i operacions per ser una refer\u00e8ncia en el sector de la xocolata.\",\"breadcrumb\":{\"@id\":\"https:\/\/ludomargroup.com\/ca#breadcrumb\"},\"inLanguage\":\"ca\",\"potentialAction\":[{\"@type\":\"ReadAction\",\"target\":[\"https:\/\/ludomargroup.com\/ca\"]}]},{\"@type\":\"ImageObject\",\"inLanguage\":\"ca\",\"@id\":\"https:\/\/ludomargroup.com\/ca#primaryimage\",\"url\":\"https:\/\/ludomargroup.com\/wp-content\/uploads\/2020\/05\/ludomar-txokolatl-logo-marron-350.png\",\"contentUrl\":\"https:\/\/ludomargroup.com\/wp-content\/uploads\/2020\/05\/ludomar-txokolatl-logo-marron-350.png\",\"width\":350,\"height\":349},{\"@type\":\"BreadcrumbList\",\"@id\":\"https:\/\/ludomargroup.com\/ca#breadcrumb\",\"itemListElement\":[{\"@type\":\"ListItem\",\"position\":1,\"name\":\"Home\",\"item\":\"https:\/\/ludomargroup.com\/ca\"},{\"@type\":\"ListItem\",\"position\":2,\"name\":\"Home\"}]},{\"@type\":\"WebSite\",\"@id\":\"https:\/\/ludomargroup.com\/#website\",\"url\":\"https:\/\/ludomargroup.com\/\",\"name\":\"Ludomar Group\",\"description\":\"Providing CHOCOLATE PRODUCTS since 1948\",\"publisher\":{\"@id\":\"https:\/\/ludomargroup.com\/#organization\"},\"potentialAction\":[{\"@type\":\"SearchAction\",\"target\":{\"@type\":\"EntryPoint\",\"urlTemplate\":\"https:\/\/ludomargroup.com\/?s={search_term_string}\"},\"query-input\":\"required name=search_term_string\"}],\"inLanguage\":\"ca\"},{\"@type\":\"Organization\",\"@id\":\"https:\/\/ludomargroup.com\/#organization\",\"name\":\"Ludomar Group\",\"url\":\"https:\/\/ludomargroup.com\/\",\"logo\":{\"@type\":\"ImageObject\",\"inLanguage\":\"ca\",\"@id\":\"https:\/\/ludomargroup.com\/#\/schema\/logo\/image\/\",\"url\":\"https:\/\/ludomargroup.com\/wp-content\/uploads\/2020\/05\/WEB-Ludomar-ENG-2.jpg\",\"contentUrl\":\"https:\/\/ludomargroup.com\/wp-content\/uploads\/2020\/05\/WEB-Ludomar-ENG-2.jpg\",\"width\":600,\"height\":682,\"caption\":\"Ludomar Group\"},\"image\":{\"@id\":\"https:\/\/ludomargroup.com\/#\/schema\/logo\/image\/\"}}]}<\/script>\n<!-- \/ Yoast SEO plugin. -->","yoast_head_json":{"title":"LUDOMAR GRUP Ofereix productes de xocolata des de 1948","description":"Estem cont\u00ednuament innovant les nostres instal\u00b7lacions i operacions per ser una refer\u00e8ncia en el sector de la xocolata.","robots":{"index":"index","follow":"follow","max-snippet":"max-snippet:-1","max-image-preview":"max-image-preview:large","max-video-preview":"max-video-preview:-1"},"canonical":"https:\/\/ludomargroup.com\/ca","og_locale":"ca_ES","og_type":"article","og_title":"LUDOMAR GRUP Ofereix productes de xocolata des de 1948","og_description":"Estem cont\u00ednuament innovant les nostres instal\u00b7lacions i operacions per ser una refer\u00e8ncia en el sector de la xocolata.","og_url":"https:\/\/ludomargroup.com\/ca","og_site_name":"Ludomar Group","article_modified_time":"2024-03-21T14:51:26+00:00","og_image":[{"url":"https:\/\/ludomargroup.com\/wp-content\/uploads\/2020\/05\/ludomar-txokolatl-logo-marron-350.png"}],"twitter_card":"summary_large_image","twitter_misc":{"Temps estimat de lectura":"1 minut"},"schema":{"@context":"https:\/\/schema.org","@graph":[{"@type":"WebPage","@id":"https:\/\/ludomargroup.com\/ca","url":"https:\/\/ludomargroup.com\/ca","name":"LUDOMAR GRUP Ofereix productes de xocolata des de 1948","isPartOf":{"@id":"https:\/\/ludomargroup.com\/#website"},"primaryImageOfPage":{"@id":"https:\/\/ludomargroup.com\/ca#primaryimage"},"image":{"@id":"https:\/\/ludomargroup.com\/ca#primaryimage"},"thumbnailUrl":"https:\/\/ludomargroup.com\/wp-content\/uploads\/2020\/05\/ludomar-txokolatl-logo-marron-350.png","datePublished":"2020-04-20T15:47:04+00:00","dateModified":"2024-03-21T14:51:26+00:00","description":"Estem cont\u00ednuament innovant les nostres instal\u00b7lacions i operacions per ser una refer\u00e8ncia en el sector de la xocolata.","breadcrumb":{"@id":"https:\/\/ludomargroup.com\/ca#breadcrumb"},"inLanguage":"ca","potentialAction":[{"@type":"ReadAction","target":["https:\/\/ludomargroup.com\/ca"]}]},{"@type":"ImageObject","inLanguage":"ca","@id":"https:\/\/ludomargroup.com\/ca#primaryimage","url":"https:\/\/ludomargroup.com\/wp-content\/uploads\/2020\/05\/ludomar-txokolatl-logo-marron-350.png","contentUrl":"https:\/\/ludomargroup.com\/wp-content\/uploads\/2020\/05\/ludomar-txokolatl-logo-marron-350.png","width":350,"height":349},{"@type":"BreadcrumbList","@id":"https:\/\/ludomargroup.com\/ca#breadcrumb","itemListElement":[{"@type":"ListItem","position":1,"name":"Home","item":"https:\/\/ludomargroup.com\/ca"},{"@type":"ListItem","position":2,"name":"Home"}]},{"@type":"WebSite","@id":"https:\/\/ludomargroup.com\/#website","url":"https:\/\/ludomargroup.com\/","name":"Ludomar Group","description":"Providing CHOCOLATE PRODUCTS since 1948","publisher":{"@id":"https:\/\/ludomargroup.com\/#organization"},"potentialAction":[{"@type":"SearchAction","target":{"@type":"EntryPoint","urlTemplate":"https:\/\/ludomargroup.com\/?s={search_term_string}"},"query-input":"required name=search_term_string"}],"inLanguage":"ca"},{"@type":"Organization","@id":"https:\/\/ludomargroup.com\/#organization","name":"Ludomar Group","url":"https:\/\/ludomargroup.com\/","logo":{"@type":"ImageObject","inLanguage":"ca","@id":"https:\/\/ludomargroup.com\/#\/schema\/logo\/image\/","url":"https:\/\/ludomargroup.com\/wp-content\/uploads\/2020\/05\/WEB-Ludomar-ENG-2.jpg","contentUrl":"https:\/\/ludomargroup.com\/wp-content\/uploads\/2020\/05\/WEB-Ludomar-ENG-2.jpg","width":600,"height":682,"caption":"Ludomar Group"},"image":{"@id":"https:\/\/ludomargroup.com\/#\/schema\/logo\/image\/"}}]}},"featured_image_src":null,"featured_image_src_square":null,"uagb_featured_image_src":{"full":false,"thumbnail":false,"medium":false,"medium_large":false,"large":false,"1536x1536":false,"2048x2048":false,"ab-block-post-grid-landscape":false,"ab-block-post-grid-square":false},"uagb_author_info":{"display_name":"empiezapori","author_link":"https:\/\/ludomargroup.com\/ca\/author\/empiezapori"},"uagb_comment_info":0,"uagb_excerpt":"LUDOMAR OFEREIX PRODUCTES DE XOCOLATA DES DE 1948 INNOVACI\u00d3 &#8211; TRADICI\u00d3 &#8211; PERSONES &#8211; QUALITAT Estem cont\u00ednuament innovant les nostres instal\u00b7lacions i operacions per ser una refer\u00e8ncia en el sector de la xocolata. Combinem la tradici\u00f3 del proc\u00e9s artesanal juntament amb les tecnologies m\u00e9s avan\u00e7ades. Creiem en el nostre equip \u00fanic. Tractem cadascun dels nostres...","_links":{"self":[{"href":"https:\/\/ludomargroup.com\/ca\/wp-json\/wp\/v2\/pages\/558"}],"collection":[{"href":"https:\/\/ludomargroup.com\/ca\/wp-json\/wp\/v2\/pages"}],"about":[{"href":"https:\/\/ludomargroup.com\/ca\/wp-json\/wp\/v2\/types\/page"}],"author":[{"embeddable":true,"href":"https:\/\/ludomargroup.com\/ca\/wp-json\/wp\/v2\/users\/1"}],"replies":[{"embeddable":true,"href":"https:\/\/ludomargroup.com\/ca\/wp-json\/wp\/v2\/comments?post=558"}],"version-history":[{"count":5,"href":"https:\/\/ludomargroup.com\/ca\/wp-json\/wp\/v2\/pages\/558\/revisions"}],"predecessor-version":[{"id":1275,"href":"https:\/\/ludomargroup.com\/ca\/wp-json\/wp\/v2\/pages\/558\/revisions\/1275"}],"wp:attachment":[{"href":"https:\/\/ludomargroup.com\/ca\/wp-json\/wp\/v2\/media?parent=558"}],"curies":[{"name":"wp","href":"https:\/\/api.w.org\/{rel}","templated":true}]}}