{"id":1114,"date":"2020-04-02T08:29:37","date_gmt":"2020-04-02T08:29:37","guid":{"rendered":"https:\/\/ludomargroup.com\/terms-and-conditions"},"modified":"2020-06-08T13:42:18","modified_gmt":"2020-06-08T13:42:18","slug":"termes-i-condicions","status":"publish","type":"page","link":"https:\/\/ludomargroup.com\/ca\/termes-i-condicions","title":{"rendered":"Termes i condicions"},"content":{"rendered":"<style>#kt-layout-id_d1169b-22 > .kt-row-column-wrap{align-content:start;}:where(#kt-layout-id_d1169b-22 > .kt-row-column-wrap) > .wp-block-kadence-column{justify-content:start;}#kt-layout-id_d1169b-22 > .kt-row-column-wrap{column-gap:var(--global-kb-gap-md, 2rem);row-gap:var(--global-kb-gap-md, 2rem);padding-top:var( --global-kb-row-default-top, 25px );padding-bottom:var( --global-kb-row-default-bottom, 25px );padding-top:40px;padding-bottom:40px;padding-left:0px;padding-right:0px;grid-template-columns:minmax(0, 1fr);}#kt-layout-id_d1169b-22 > .kt-row-layout-overlay{opacity:0.30;}@media all and (max-width: 1024px){#kt-layout-id_d1169b-22 > .kt-row-column-wrap{grid-template-columns:minmax(0, 1fr);}}@media all and (max-width: 767px){#kt-layout-id_d1169b-22 > .kt-row-column-wrap{grid-template-columns:minmax(0, 1fr);}}<\/style>\n<div class=\"wp-block-kadence-rowlayout alignnone\"><div id=\"kt-layout-id_d1169b-22\" class=\"kt-row-layout-inner kt-layout-id_d1169b-22\"><div class=\"kt-row-column-wrap kt-has-1-columns kt-gutter-default kt-v-gutter-default kt-row-valign-top kt-row-layout-equal kt-tab-layout-inherit kt-m-colapse-left-to-right kt-mobile-layout-row\"><style>.kadence-column_906a41-34 > .kt-inside-inner-col{border-top-width:0px;border-right-width:0px;border-bottom-width:0px;border-left-width:0px;}.kadence-column_906a41-34 > .kt-inside-inner-col,.kadence-column_906a41-34 > .kt-inside-inner-col:before{border-top-left-radius:0px;border-top-right-radius:0px;border-bottom-right-radius:0px;border-bottom-left-radius:0px;}.kadence-column_906a41-34 > .kt-inside-inner-col{column-gap:var(--global-kb-gap-sm, 1rem);}.kadence-column_906a41-34 > .kt-inside-inner-col{flex-direction:column;}.kadence-column_906a41-34 > .kt-inside-inner-col > .aligncenter{width:100%;}.kadence-column_906a41-34 > .kt-inside-inner-col:before{opacity:0.3;}.kadence-column_906a41-34{position:relative;}@media all and (max-width: 1024px){.kadence-column_906a41-34 > .kt-inside-inner-col{flex-direction:column;}}@media all and (max-width: 767px){.kadence-column_906a41-34 > .kt-inside-inner-col{flex-direction:column;}}<\/style>\n<div class=\"wp-block-kadence-column inner-column-1 kadence-column_906a41-34\"><div class=\"kt-inside-inner-col\"><style>.wp-block-kadence-advancedheading.kt-adv-heading_9bafec-fc, .wp-block-kadence-advancedheading.kt-adv-heading_9bafec-fc[data-kb-block=\"kb-adv-heading_9bafec-fc\"]{font-size:16px;line-height:5px;font-style:normal;}.wp-block-kadence-advancedheading.kt-adv-heading_9bafec-fc mark, .wp-block-kadence-advancedheading.kt-adv-heading_9bafec-fc[data-kb-block=\"kb-adv-heading_9bafec-fc\"] mark{font-style:normal;color:#f76a0c;padding-top:0px;padding-right:0px;padding-bottom:0px;padding-left:0px;}@media all and (max-width: 767px){.wp-block-kadence-advancedheading.kt-adv-heading_9bafec-fc, .wp-block-kadence-advancedheading.kt-adv-heading_9bafec-fc[data-kb-block=\"kb-adv-heading_9bafec-fc\"]{line-height:18px;}}<\/style>\n<h6 id=\"kt-adv-heading_9bafec-fc\" class=\"kt-adv-heading_9bafec-fc wp-block-kadence-advancedheading has-theme-palette-3-color\"><strong>Av\u00eds de Privacitat<\/strong><\/h6>\n\n\n\n<p class=\"justificar\">Aquest av\u00eds de privacitat revela les pr\u00e0ctiques de privacitat de (direcci\u00f3 de la p\u00e0gina web). Aquest av\u00eds de privacitat s&#8217;aplica \u00fanicament a la informaci\u00f3 recopilada per aquest lloc web. Li notificar\u00e0 el seg\u00fcent:<br>Quina informaci\u00f3 d&#8217;identificaci\u00f3 personal es recopila de vost\u00e8 a trav\u00e9s de la p\u00e0gina web, com s&#8217;usa i amb qui es pot compartir.<br>Quines opcions estan disponibles per a vost\u00e8 pel que fa a l&#8217;\u00fas de les seves dades.<br>Els procediments de seguretat establerts per protegir el mal \u00fas de la seva informaci\u00f3.<br>Com pot corregir qualsevol inexactitud en la informaci\u00f3.<\/p>\n\n\n<style>.wp-block-kadence-advancedheading.kt-adv-heading_9fba39-bf, .wp-block-kadence-advancedheading.kt-adv-heading_9fba39-bf[data-kb-block=\"kb-adv-heading_9fba39-bf\"]{font-size:16px;line-height:5px;font-style:normal;}.wp-block-kadence-advancedheading.kt-adv-heading_9fba39-bf mark, .wp-block-kadence-advancedheading.kt-adv-heading_9fba39-bf[data-kb-block=\"kb-adv-heading_9fba39-bf\"] mark{font-style:normal;color:#f76a0c;padding-top:0px;padding-right:0px;padding-bottom:0px;padding-left:0px;}@media all and (max-width: 767px){.wp-block-kadence-advancedheading.kt-adv-heading_9fba39-bf, .wp-block-kadence-advancedheading.kt-adv-heading_9fba39-bf[data-kb-block=\"kb-adv-heading_9fba39-bf\"]{line-height:18px;}}<\/style>\n<h6 id=\"kt-adv-heading_9fba39-bf\" class=\"kt-adv-heading_9fba39-bf wp-block-kadence-advancedheading has-theme-palette-3-color\"><strong>Recull, \u00fas i intercanvi d&#8217;informaci\u00f3<\/strong><\/h6>\n\n\n\n<p class=\"justificar\">Som els \u00fanics propietaris de la informaci\u00f3 recopilada en aquest lloc. Nom\u00e9s tenim acc\u00e9s a \/ recopilem informaci\u00f3 que volunt\u00e0riament ens proporciona per correu electr\u00f2nic o un altre contacte directe seu.<br>No vendrem ni llogarem aquesta informaci\u00f3 a ning\u00fa. Utilitzarem la seva informaci\u00f3 per respondre-li, en relaci\u00f3 amb la ra\u00f3 per la qual ens va contactar. No compartirem la seva informaci\u00f3 amb cap tercer fora de la nostra organitzaci\u00f3, llevat que sigui necessari per complir amb la seva sol\u00b7licitud, per exemple per enviar una comanda Llevat que ens demani que no ho fem, podem comunicar-nos amb vost\u00e8 per correu electr\u00f2nic en el futur per a informar-li sobre ofertes especials, nous productes o serveis o canvis a aquesta pol\u00edtica de privacitat.<\/p>\n\n\n<style>.wp-block-kadence-advancedheading.kt-adv-heading_318cd3-da, .wp-block-kadence-advancedheading.kt-adv-heading_318cd3-da[data-kb-block=\"kb-adv-heading_318cd3-da\"]{font-size:16px;line-height:5px;font-style:normal;}.wp-block-kadence-advancedheading.kt-adv-heading_318cd3-da mark, .wp-block-kadence-advancedheading.kt-adv-heading_318cd3-da[data-kb-block=\"kb-adv-heading_318cd3-da\"] mark{font-style:normal;color:#f76a0c;padding-top:0px;padding-right:0px;padding-bottom:0px;padding-left:0px;}@media all and (max-width: 767px){.wp-block-kadence-advancedheading.kt-adv-heading_318cd3-da, .wp-block-kadence-advancedheading.kt-adv-heading_318cd3-da[data-kb-block=\"kb-adv-heading_318cd3-da\"]{line-height:18px;}}<\/style>\n<h6 id=\"kt-adv-heading_318cd3-da\" class=\"kt-adv-heading_318cd3-da wp-block-kadence-advancedheading has-theme-palette-3-color\"><strong>El seu acc\u00e9s i control sobre la informaci\u00f3<\/strong><\/h6>\n\n\n\n<p class=\"justificar\">Pot optar per no rebre els nostres futurs contactes en qualsevol moment. Pot fer el seg\u00fcent en qualsevol moment posant-se en contacte amb nosaltres a trav\u00e9s de l&#8217;adre\u00e7a de correu electr\u00f2nic o el n\u00famero de tel\u00e8fon que figuren al nostre lloc web:<br>Vegi quines dades tenim sobre vost\u00e8, si n&#8217;hi ha.<br>Canviar \/ corregir qualsevol informaci\u00f3 que tinguem sobre vost\u00e8.<br>Feu que eliminem qualsevol informaci\u00f3 que tinguem sobre vost\u00e8.<br>Expressi qualsevol preocupaci\u00f3 que tingui sobre el nostre \u00fas de les seves dades.<\/p>\n\n\n<style>.wp-block-kadence-advancedheading.kt-adv-heading_5b6ea0-b9, .wp-block-kadence-advancedheading.kt-adv-heading_5b6ea0-b9[data-kb-block=\"kb-adv-heading_5b6ea0-b9\"]{font-size:16px;line-height:5px;font-style:normal;}.wp-block-kadence-advancedheading.kt-adv-heading_5b6ea0-b9 mark, .wp-block-kadence-advancedheading.kt-adv-heading_5b6ea0-b9[data-kb-block=\"kb-adv-heading_5b6ea0-b9\"] mark{font-style:normal;color:#f76a0c;padding-top:0px;padding-right:0px;padding-bottom:0px;padding-left:0px;}@media all and (max-width: 767px){.wp-block-kadence-advancedheading.kt-adv-heading_5b6ea0-b9, .wp-block-kadence-advancedheading.kt-adv-heading_5b6ea0-b9[data-kb-block=\"kb-adv-heading_5b6ea0-b9\"]{line-height:18px;}}<\/style>\n<h6 id=\"kt-adv-heading_5b6ea0-b9\" class=\"kt-adv-heading_5b6ea0-b9 wp-block-kadence-advancedheading has-theme-palette-3-color\"><strong>Seguretat<\/strong><\/h6>\n\n\n\n<p class=\"justificar\">Prenem precaucions per protegir la seva informaci\u00f3. En enviar informaci\u00f3 confidencial a trav\u00e9s de la p\u00e0gina web, la seva informaci\u00f3 est\u00e0 protegida tant en l\u00ednia com fora de l\u00ednia. On sigui que recopilem informaci\u00f3 confidencial (com dades de targetes de cr\u00e8dit), aquesta informaci\u00f3 s&#8217;encripta i ens transmet de manera segura. Pot fer a\u00e7\u00f2 buscant una icona de cadenat a la barra d&#8217;adreces i buscant &#8220;https&#8221; a l&#8217;inici de la direcci\u00f3 de la p\u00e0gina web.<br>Si b\u00e9 utilitzem el xifrat per protegir la informaci\u00f3 confidencial transmesa en l\u00ednia, tamb\u00e9 protegim la seva informaci\u00f3 fora de l\u00ednia. Nom\u00e9s els empleats que necessiten la informaci\u00f3 per realitzar un treball espec\u00edfic (per exemple, facturaci\u00f3 o servei a client) tenen acc\u00e9s a informaci\u00f3 d&#8217;identificaci\u00f3 personal. Els ordinadors \/ servidors en els quals emmagatzemem informaci\u00f3 d&#8217;identificaci\u00f3 personal es mantenen en un entorn segur.<\/p>\n<\/div><\/div>\n<\/div><\/div><\/div>\n","protected":false},"excerpt":{"rendered":"<p>Av\u00eds de Privacitat Aquest av\u00eds de privacitat revela les pr\u00e0ctiques de privacitat de (direcci\u00f3 de la p\u00e0gina web). Aquest av\u00eds de privacitat s&#8217;aplica \u00fanicament a la informaci\u00f3 recopilada per aquest lloc web. Li notificar\u00e0 el seg\u00fcent:Quina informaci\u00f3 d&#8217;identificaci\u00f3 personal es recopila de vost\u00e8 a trav\u00e9s de la p\u00e0gina web, com s&#8217;usa i amb qui es&#8230;<\/p>\n","protected":false},"author":1,"featured_media":0,"parent":0,"menu_order":0,"comment_status":"closed","ping_status":"closed","template":"","meta":{"_uag_custom_page_level_css":"","_kad_post_transparent":"","_kad_post_title":"","_kad_post_layout":"","_kad_post_sidebar_id":"","_kad_post_content_style":"","_kad_post_vertical_padding":"","_kad_post_feature":"","_kad_post_feature_position":"","_kad_post_header":false,"_kad_post_footer":false,"footnotes":""},"yoast_head":"<!-- This site is optimized with the Yoast SEO plugin v22.3 - https:\/\/yoast.com\/wordpress\/plugins\/seo\/ -->\n<title>Termes i condicions - Ludomar Group<\/title>\n<meta name=\"robots\" content=\"index, follow, max-snippet:-1, max-image-preview:large, max-video-preview:-1\" \/>\n<link rel=\"canonical\" href=\"https:\/\/ludomargroup.com\/ca\/termes-i-condicions\" \/>\n<meta property=\"og:locale\" content=\"ca_ES\" \/>\n<meta property=\"og:type\" content=\"article\" \/>\n<meta property=\"og:title\" content=\"Termes i condicions - Ludomar Group\" \/>\n<meta property=\"og:description\" content=\"Av\u00eds de Privacitat Aquest av\u00eds de privacitat revela les pr\u00e0ctiques de privacitat de (direcci\u00f3 de la p\u00e0gina web). Aquest av\u00eds de privacitat s&#8217;aplica \u00fanicament a la informaci\u00f3 recopilada per aquest lloc web. Li notificar\u00e0 el seg\u00fcent:Quina informaci\u00f3 d&#8217;identificaci\u00f3 personal es recopila de vost\u00e8 a trav\u00e9s de la p\u00e0gina web, com s&#8217;usa i amb qui es...\" \/>\n<meta property=\"og:url\" content=\"https:\/\/ludomargroup.com\/ca\/termes-i-condicions\" \/>\n<meta property=\"og:site_name\" content=\"Ludomar Group\" \/>\n<meta property=\"article:modified_time\" content=\"2020-06-08T13:42:18+00:00\" \/>\n<meta name=\"twitter:card\" content=\"summary_large_image\" \/>\n<meta name=\"twitter:label1\" content=\"Temps estimat de lectura\" \/>\n\t<meta name=\"twitter:data1\" content=\"2 minuts\" \/>\n<script type=\"application\/ld+json\" class=\"yoast-schema-graph\">{\"@context\":\"https:\/\/schema.org\",\"@graph\":[{\"@type\":\"WebPage\",\"@id\":\"https:\/\/ludomargroup.com\/ca\/termes-i-condicions\",\"url\":\"https:\/\/ludomargroup.com\/ca\/termes-i-condicions\",\"name\":\"Termes i condicions - Ludomar Group\",\"isPartOf\":{\"@id\":\"https:\/\/ludomargroup.com\/#website\"},\"datePublished\":\"2020-04-02T08:29:37+00:00\",\"dateModified\":\"2020-06-08T13:42:18+00:00\",\"breadcrumb\":{\"@id\":\"https:\/\/ludomargroup.com\/ca\/termes-i-condicions#breadcrumb\"},\"inLanguage\":\"ca\",\"potentialAction\":[{\"@type\":\"ReadAction\",\"target\":[\"https:\/\/ludomargroup.com\/ca\/termes-i-condicions\"]}]},{\"@type\":\"BreadcrumbList\",\"@id\":\"https:\/\/ludomargroup.com\/ca\/termes-i-condicions#breadcrumb\",\"itemListElement\":[{\"@type\":\"ListItem\",\"position\":1,\"name\":\"Home\",\"item\":\"https:\/\/ludomargroup.com\/ca\"},{\"@type\":\"ListItem\",\"position\":2,\"name\":\"Termes i condicions\"}]},{\"@type\":\"WebSite\",\"@id\":\"https:\/\/ludomargroup.com\/#website\",\"url\":\"https:\/\/ludomargroup.com\/\",\"name\":\"Ludomar Group\",\"description\":\"Providing CHOCOLATE PRODUCTS since 1948\",\"publisher\":{\"@id\":\"https:\/\/ludomargroup.com\/#organization\"},\"potentialAction\":[{\"@type\":\"SearchAction\",\"target\":{\"@type\":\"EntryPoint\",\"urlTemplate\":\"https:\/\/ludomargroup.com\/?s={search_term_string}\"},\"query-input\":\"required name=search_term_string\"}],\"inLanguage\":\"ca\"},{\"@type\":\"Organization\",\"@id\":\"https:\/\/ludomargroup.com\/#organization\",\"name\":\"Ludomar Group\",\"url\":\"https:\/\/ludomargroup.com\/\",\"logo\":{\"@type\":\"ImageObject\",\"inLanguage\":\"ca\",\"@id\":\"https:\/\/ludomargroup.com\/#\/schema\/logo\/image\/\",\"url\":\"https:\/\/ludomargroup.com\/wp-content\/uploads\/2020\/05\/WEB-Ludomar-ENG-2.jpg\",\"contentUrl\":\"https:\/\/ludomargroup.com\/wp-content\/uploads\/2020\/05\/WEB-Ludomar-ENG-2.jpg\",\"width\":600,\"height\":682,\"caption\":\"Ludomar Group\"},\"image\":{\"@id\":\"https:\/\/ludomargroup.com\/#\/schema\/logo\/image\/\"}}]}<\/script>\n<!-- \/ Yoast SEO plugin. -->","yoast_head_json":{"title":"Termes i condicions - Ludomar Group","robots":{"index":"index","follow":"follow","max-snippet":"max-snippet:-1","max-image-preview":"max-image-preview:large","max-video-preview":"max-video-preview:-1"},"canonical":"https:\/\/ludomargroup.com\/ca\/termes-i-condicions","og_locale":"ca_ES","og_type":"article","og_title":"Termes i condicions - Ludomar Group","og_description":"Av\u00eds de Privacitat Aquest av\u00eds de privacitat revela les pr\u00e0ctiques de privacitat de (direcci\u00f3 de la p\u00e0gina web). Aquest av\u00eds de privacitat s&#8217;aplica \u00fanicament a la informaci\u00f3 recopilada per aquest lloc web. Li notificar\u00e0 el seg\u00fcent:Quina informaci\u00f3 d&#8217;identificaci\u00f3 personal es recopila de vost\u00e8 a trav\u00e9s de la p\u00e0gina web, com s&#8217;usa i amb qui es...","og_url":"https:\/\/ludomargroup.com\/ca\/termes-i-condicions","og_site_name":"Ludomar Group","article_modified_time":"2020-06-08T13:42:18+00:00","twitter_card":"summary_large_image","twitter_misc":{"Temps estimat de lectura":"2 minuts"},"schema":{"@context":"https:\/\/schema.org","@graph":[{"@type":"WebPage","@id":"https:\/\/ludomargroup.com\/ca\/termes-i-condicions","url":"https:\/\/ludomargroup.com\/ca\/termes-i-condicions","name":"Termes i condicions - Ludomar Group","isPartOf":{"@id":"https:\/\/ludomargroup.com\/#website"},"datePublished":"2020-04-02T08:29:37+00:00","dateModified":"2020-06-08T13:42:18+00:00","breadcrumb":{"@id":"https:\/\/ludomargroup.com\/ca\/termes-i-condicions#breadcrumb"},"inLanguage":"ca","potentialAction":[{"@type":"ReadAction","target":["https:\/\/ludomargroup.com\/ca\/termes-i-condicions"]}]},{"@type":"BreadcrumbList","@id":"https:\/\/ludomargroup.com\/ca\/termes-i-condicions#breadcrumb","itemListElement":[{"@type":"ListItem","position":1,"name":"Home","item":"https:\/\/ludomargroup.com\/ca"},{"@type":"ListItem","position":2,"name":"Termes i condicions"}]},{"@type":"WebSite","@id":"https:\/\/ludomargroup.com\/#website","url":"https:\/\/ludomargroup.com\/","name":"Ludomar Group","description":"Providing CHOCOLATE PRODUCTS since 1948","publisher":{"@id":"https:\/\/ludomargroup.com\/#organization"},"potentialAction":[{"@type":"SearchAction","target":{"@type":"EntryPoint","urlTemplate":"https:\/\/ludomargroup.com\/?s={search_term_string}"},"query-input":"required name=search_term_string"}],"inLanguage":"ca"},{"@type":"Organization","@id":"https:\/\/ludomargroup.com\/#organization","name":"Ludomar Group","url":"https:\/\/ludomargroup.com\/","logo":{"@type":"ImageObject","inLanguage":"ca","@id":"https:\/\/ludomargroup.com\/#\/schema\/logo\/image\/","url":"https:\/\/ludomargroup.com\/wp-content\/uploads\/2020\/05\/WEB-Ludomar-ENG-2.jpg","contentUrl":"https:\/\/ludomargroup.com\/wp-content\/uploads\/2020\/05\/WEB-Ludomar-ENG-2.jpg","width":600,"height":682,"caption":"Ludomar Group"},"image":{"@id":"https:\/\/ludomargroup.com\/#\/schema\/logo\/image\/"}}]}},"featured_image_src":null,"featured_image_src_square":null,"uagb_featured_image_src":{"full":false,"thumbnail":false,"medium":false,"medium_large":false,"large":false,"1536x1536":false,"2048x2048":false,"ab-block-post-grid-landscape":false,"ab-block-post-grid-square":false},"uagb_author_info":{"display_name":"empiezapori","author_link":"https:\/\/ludomargroup.com\/ca\/author\/empiezapori"},"uagb_comment_info":0,"uagb_excerpt":"Av\u00eds de Privacitat Aquest av\u00eds de privacitat revela les pr\u00e0ctiques de privacitat de (direcci\u00f3 de la p\u00e0gina web). Aquest av\u00eds de privacitat s&#8217;aplica \u00fanicament a la informaci\u00f3 recopilada per aquest lloc web. Li notificar\u00e0 el seg\u00fcent:Quina informaci\u00f3 d&#8217;identificaci\u00f3 personal es recopila de vost\u00e8 a trav\u00e9s de la p\u00e0gina web, com s&#8217;usa i amb qui es...","_links":{"self":[{"href":"https:\/\/ludomargroup.com\/ca\/wp-json\/wp\/v2\/pages\/1114"}],"collection":[{"href":"https:\/\/ludomargroup.com\/ca\/wp-json\/wp\/v2\/pages"}],"about":[{"href":"https:\/\/ludomargroup.com\/ca\/wp-json\/wp\/v2\/types\/page"}],"author":[{"embeddable":true,"href":"https:\/\/ludomargroup.com\/ca\/wp-json\/wp\/v2\/users\/1"}],"replies":[{"embeddable":true,"href":"https:\/\/ludomargroup.com\/ca\/wp-json\/wp\/v2\/comments?post=1114"}],"version-history":[{"count":3,"href":"https:\/\/ludomargroup.com\/ca\/wp-json\/wp\/v2\/pages\/1114\/revisions"}],"predecessor-version":[{"id":1187,"href":"https:\/\/ludomargroup.com\/ca\/wp-json\/wp\/v2\/pages\/1114\/revisions\/1187"}],"wp:attachment":[{"href":"https:\/\/ludomargroup.com\/ca\/wp-json\/wp\/v2\/media?parent=1114"}],"curies":[{"name":"wp","href":"https:\/\/api.w.org\/{rel}","templated":true}]}}