{"id":1083,"date":"2020-05-05T11:36:56","date_gmt":"2020-05-05T11:36:56","guid":{"rendered":"https:\/\/ludomargroup.com\/about"},"modified":"2020-06-04T10:58:23","modified_gmt":"2020-06-04T10:58:23","slug":"la-nostra-historia","status":"publish","type":"page","link":"https:\/\/ludomargroup.com\/ca\/la-nostra-historia","title":{"rendered":"La nostra hist\u00f2ria"},"content":{"rendered":"\n<section class=\"wp-block-uagb-columns uagb-columns__wrap uagb-columns__background-undefined uagb-columns__stack-mobile uagb-columns__valign-undefined uagb-columns__gap-15 alignundefined uagb-block-2788eabe-bab9-4954-a32f-b8e6ae3cf14f\"><div class=\"uagb-columns__overlay\"><\/div><div class=\"uagb-columns__inner-wrap uagb-columns__columns-2\">\n<div class=\"wp-block-uagb-column uagb-column__wrap uagb-column__background-undefined uagb-block-9dadd7b3-a5b5-49b0-963f-f474cecb6f87\"><div class=\"uagb-column__overlay\"><\/div><div class=\"uagb-column__inner-wrap\">\n<div class=\"wp-block-uagb-advanced-heading uagb-block-8d61d204-c205-4619-83ab-c2d85ead39d2\"><h1 class=\"uagb-heading-text\"><strong>QUALSEVOL FORMA, QUALSEVOL COMBINACI\u00d3 D&#8217;INGREDIENTS, QUALSEVOL TEXTURA\u2026<\/strong><\/h1><p class=\"uagb-desc-text\">HO FEM POSSIBLE<\/p><\/div>\n\n\n\n<div style=\"color:#b79b60\" class=\"wp-block-atomic-blocks-ab-spacer ab-block-spacer ab-divider-solid ab-spacer-divider ab-divider-size-1\"><hr style=\"height:30px\"\/><\/div>\n\n\n\n<p class=\"justificar\">Amb m\u00e9s de 70 anys d&#8217;experi\u00e8ncia en el desenvolupament de xocolates d&#8217;alta qualitat, els nostres productes s\u00f3n el resultat de la uni\u00f3 entre tradici\u00f3, automatitzaci\u00f3, innovaci\u00f3 i creativitat.<br><br>Visiti la nostra web i explori el nostre cat\u00e0leg, en un dol\u00e7 viatge, detenint-se en tot tipus de del\u00edcies de xocolata: xocolates acabades en innombrables formes, textures, sabors i dissenys. Vegi com la xocolata, la mat\u00e8ria m\u00e9s vers\u00e0til, pren milers de formes: bombons, dragees, piruletes, torrons, figures, decoracions, inclusions, en una varietat interminable.<\/p>\n<\/div><\/div>\n\n\n\n<div class=\"wp-block-uagb-column uagb-column__wrap uagb-column__background-undefined uagb-block-486000a1-42b7-4291-adb1-6c2ced198bae\"><div class=\"uagb-column__overlay\"><\/div><div class=\"uagb-column__inner-wrap\">\n<figure class=\"wp-block-video\"><video autoplay controls loop poster=\"https:\/\/ludomargroup.com\/wp-content\/uploads\/2020\/05\/ludomar-video.jpg\" preload=\"auto\" src=\"https:\/\/ludomargroup.com\/wp-content\/uploads\/2020\/05\/Ludomar-Txokolatl-Group.mp4\" playsinline><\/video><\/figure>\n<\/div><\/div>\n<\/div><\/section>\n","protected":false},"excerpt":{"rendered":"<p>QUALSEVOL FORMA, QUALSEVOL COMBINACI\u00d3 D&#8217;INGREDIENTS, QUALSEVOL TEXTURA\u2026 HO FEM POSSIBLE Amb m\u00e9s de 70 anys d&#8217;experi\u00e8ncia en el desenvolupament de xocolates d&#8217;alta qualitat, els nostres productes s\u00f3n el resultat de la uni\u00f3 entre tradici\u00f3, automatitzaci\u00f3, innovaci\u00f3 i creativitat. Visiti la nostra web i explori el nostre cat\u00e0leg, en un dol\u00e7 viatge, detenint-se en tot tipus&#8230;<\/p>\n","protected":false},"author":1,"featured_media":0,"parent":0,"menu_order":0,"comment_status":"closed","ping_status":"closed","template":"","meta":{"_uag_custom_page_level_css":"","_kad_post_transparent":"","_kad_post_title":"","_kad_post_layout":"","_kad_post_sidebar_id":"","_kad_post_content_style":"","_kad_post_vertical_padding":"","_kad_post_feature":"","_kad_post_feature_position":"","_kad_post_header":false,"_kad_post_footer":false,"footnotes":""},"yoast_head":"<!-- This site is optimized with the Yoast SEO plugin v22.3 - https:\/\/yoast.com\/wordpress\/plugins\/seo\/ -->\n<title>La nostra hist\u00f2ria - Ludomar Group<\/title>\n<meta name=\"robots\" content=\"index, follow, max-snippet:-1, max-image-preview:large, max-video-preview:-1\" \/>\n<link rel=\"canonical\" href=\"https:\/\/ludomargroup.com\/ca\/la-nostra-historia\" \/>\n<meta property=\"og:locale\" content=\"ca_ES\" \/>\n<meta property=\"og:type\" content=\"article\" \/>\n<meta property=\"og:title\" content=\"La nostra hist\u00f2ria - Ludomar Group\" \/>\n<meta property=\"og:description\" content=\"QUALSEVOL FORMA, QUALSEVOL COMBINACI\u00d3 D&#8217;INGREDIENTS, QUALSEVOL TEXTURA\u2026 HO FEM POSSIBLE Amb m\u00e9s de 70 anys d&#8217;experi\u00e8ncia en el desenvolupament de xocolates d&#8217;alta qualitat, els nostres productes s\u00f3n el resultat de la uni\u00f3 entre tradici\u00f3, automatitzaci\u00f3, innovaci\u00f3 i creativitat. Visiti la nostra web i explori el nostre cat\u00e0leg, en un dol\u00e7 viatge, detenint-se en tot tipus...\" \/>\n<meta property=\"og:url\" content=\"https:\/\/ludomargroup.com\/ca\/la-nostra-historia\" \/>\n<meta property=\"og:site_name\" content=\"Ludomar Group\" \/>\n<meta property=\"article:modified_time\" content=\"2020-06-04T10:58:23+00:00\" \/>\n<meta name=\"twitter:card\" content=\"summary_large_image\" \/>\n<script type=\"application\/ld+json\" class=\"yoast-schema-graph\">{\"@context\":\"https:\/\/schema.org\",\"@graph\":[{\"@type\":\"WebPage\",\"@id\":\"https:\/\/ludomargroup.com\/ca\/la-nostra-historia\",\"url\":\"https:\/\/ludomargroup.com\/ca\/la-nostra-historia\",\"name\":\"La nostra hist\u00f2ria - Ludomar Group\",\"isPartOf\":{\"@id\":\"https:\/\/ludomargroup.com\/#website\"},\"datePublished\":\"2020-05-05T11:36:56+00:00\",\"dateModified\":\"2020-06-04T10:58:23+00:00\",\"breadcrumb\":{\"@id\":\"https:\/\/ludomargroup.com\/ca\/la-nostra-historia#breadcrumb\"},\"inLanguage\":\"ca\",\"potentialAction\":[{\"@type\":\"ReadAction\",\"target\":[\"https:\/\/ludomargroup.com\/ca\/la-nostra-historia\"]}]},{\"@type\":\"BreadcrumbList\",\"@id\":\"https:\/\/ludomargroup.com\/ca\/la-nostra-historia#breadcrumb\",\"itemListElement\":[{\"@type\":\"ListItem\",\"position\":1,\"name\":\"Home\",\"item\":\"https:\/\/ludomargroup.com\/ca\"},{\"@type\":\"ListItem\",\"position\":2,\"name\":\"La nostra hist\u00f2ria\"}]},{\"@type\":\"WebSite\",\"@id\":\"https:\/\/ludomargroup.com\/#website\",\"url\":\"https:\/\/ludomargroup.com\/\",\"name\":\"Ludomar Group\",\"description\":\"Providing CHOCOLATE PRODUCTS since 1948\",\"publisher\":{\"@id\":\"https:\/\/ludomargroup.com\/#organization\"},\"potentialAction\":[{\"@type\":\"SearchAction\",\"target\":{\"@type\":\"EntryPoint\",\"urlTemplate\":\"https:\/\/ludomargroup.com\/?s={search_term_string}\"},\"query-input\":\"required name=search_term_string\"}],\"inLanguage\":\"ca\"},{\"@type\":\"Organization\",\"@id\":\"https:\/\/ludomargroup.com\/#organization\",\"name\":\"Ludomar Group\",\"url\":\"https:\/\/ludomargroup.com\/\",\"logo\":{\"@type\":\"ImageObject\",\"inLanguage\":\"ca\",\"@id\":\"https:\/\/ludomargroup.com\/#\/schema\/logo\/image\/\",\"url\":\"https:\/\/ludomargroup.com\/wp-content\/uploads\/2020\/05\/WEB-Ludomar-ENG-2.jpg\",\"contentUrl\":\"https:\/\/ludomargroup.com\/wp-content\/uploads\/2020\/05\/WEB-Ludomar-ENG-2.jpg\",\"width\":600,\"height\":682,\"caption\":\"Ludomar Group\"},\"image\":{\"@id\":\"https:\/\/ludomargroup.com\/#\/schema\/logo\/image\/\"}}]}<\/script>\n<!-- \/ Yoast SEO plugin. -->","yoast_head_json":{"title":"La nostra hist\u00f2ria - Ludomar Group","robots":{"index":"index","follow":"follow","max-snippet":"max-snippet:-1","max-image-preview":"max-image-preview:large","max-video-preview":"max-video-preview:-1"},"canonical":"https:\/\/ludomargroup.com\/ca\/la-nostra-historia","og_locale":"ca_ES","og_type":"article","og_title":"La nostra hist\u00f2ria - Ludomar Group","og_description":"QUALSEVOL FORMA, QUALSEVOL COMBINACI\u00d3 D&#8217;INGREDIENTS, QUALSEVOL TEXTURA\u2026 HO FEM POSSIBLE Amb m\u00e9s de 70 anys d&#8217;experi\u00e8ncia en el desenvolupament de xocolates d&#8217;alta qualitat, els nostres productes s\u00f3n el resultat de la uni\u00f3 entre tradici\u00f3, automatitzaci\u00f3, innovaci\u00f3 i creativitat. Visiti la nostra web i explori el nostre cat\u00e0leg, en un dol\u00e7 viatge, detenint-se en tot tipus...","og_url":"https:\/\/ludomargroup.com\/ca\/la-nostra-historia","og_site_name":"Ludomar Group","article_modified_time":"2020-06-04T10:58:23+00:00","twitter_card":"summary_large_image","schema":{"@context":"https:\/\/schema.org","@graph":[{"@type":"WebPage","@id":"https:\/\/ludomargroup.com\/ca\/la-nostra-historia","url":"https:\/\/ludomargroup.com\/ca\/la-nostra-historia","name":"La nostra hist\u00f2ria - Ludomar Group","isPartOf":{"@id":"https:\/\/ludomargroup.com\/#website"},"datePublished":"2020-05-05T11:36:56+00:00","dateModified":"2020-06-04T10:58:23+00:00","breadcrumb":{"@id":"https:\/\/ludomargroup.com\/ca\/la-nostra-historia#breadcrumb"},"inLanguage":"ca","potentialAction":[{"@type":"ReadAction","target":["https:\/\/ludomargroup.com\/ca\/la-nostra-historia"]}]},{"@type":"BreadcrumbList","@id":"https:\/\/ludomargroup.com\/ca\/la-nostra-historia#breadcrumb","itemListElement":[{"@type":"ListItem","position":1,"name":"Home","item":"https:\/\/ludomargroup.com\/ca"},{"@type":"ListItem","position":2,"name":"La nostra hist\u00f2ria"}]},{"@type":"WebSite","@id":"https:\/\/ludomargroup.com\/#website","url":"https:\/\/ludomargroup.com\/","name":"Ludomar Group","description":"Providing CHOCOLATE PRODUCTS since 1948","publisher":{"@id":"https:\/\/ludomargroup.com\/#organization"},"potentialAction":[{"@type":"SearchAction","target":{"@type":"EntryPoint","urlTemplate":"https:\/\/ludomargroup.com\/?s={search_term_string}"},"query-input":"required name=search_term_string"}],"inLanguage":"ca"},{"@type":"Organization","@id":"https:\/\/ludomargroup.com\/#organization","name":"Ludomar Group","url":"https:\/\/ludomargroup.com\/","logo":{"@type":"ImageObject","inLanguage":"ca","@id":"https:\/\/ludomargroup.com\/#\/schema\/logo\/image\/","url":"https:\/\/ludomargroup.com\/wp-content\/uploads\/2020\/05\/WEB-Ludomar-ENG-2.jpg","contentUrl":"https:\/\/ludomargroup.com\/wp-content\/uploads\/2020\/05\/WEB-Ludomar-ENG-2.jpg","width":600,"height":682,"caption":"Ludomar Group"},"image":{"@id":"https:\/\/ludomargroup.com\/#\/schema\/logo\/image\/"}}]}},"featured_image_src":null,"featured_image_src_square":null,"uagb_featured_image_src":{"full":false,"thumbnail":false,"medium":false,"medium_large":false,"large":false,"1536x1536":false,"2048x2048":false,"ab-block-post-grid-landscape":false,"ab-block-post-grid-square":false},"uagb_author_info":{"display_name":"empiezapori","author_link":"https:\/\/ludomargroup.com\/ca\/author\/empiezapori"},"uagb_comment_info":0,"uagb_excerpt":"QUALSEVOL FORMA, QUALSEVOL COMBINACI\u00d3 D&#8217;INGREDIENTS, QUALSEVOL TEXTURA\u2026 HO FEM POSSIBLE Amb m\u00e9s de 70 anys d&#8217;experi\u00e8ncia en el desenvolupament de xocolates d&#8217;alta qualitat, els nostres productes s\u00f3n el resultat de la uni\u00f3 entre tradici\u00f3, automatitzaci\u00f3, innovaci\u00f3 i creativitat. Visiti la nostra web i explori el nostre cat\u00e0leg, en un dol\u00e7 viatge, detenint-se en tot tipus...","_links":{"self":[{"href":"https:\/\/ludomargroup.com\/ca\/wp-json\/wp\/v2\/pages\/1083"}],"collection":[{"href":"https:\/\/ludomargroup.com\/ca\/wp-json\/wp\/v2\/pages"}],"about":[{"href":"https:\/\/ludomargroup.com\/ca\/wp-json\/wp\/v2\/types\/page"}],"author":[{"embeddable":true,"href":"https:\/\/ludomargroup.com\/ca\/wp-json\/wp\/v2\/users\/1"}],"replies":[{"embeddable":true,"href":"https:\/\/ludomargroup.com\/ca\/wp-json\/wp\/v2\/comments?post=1083"}],"version-history":[{"count":2,"href":"https:\/\/ludomargroup.com\/ca\/wp-json\/wp\/v2\/pages\/1083\/revisions"}],"predecessor-version":[{"id":1157,"href":"https:\/\/ludomargroup.com\/ca\/wp-json\/wp\/v2\/pages\/1083\/revisions\/1157"}],"wp:attachment":[{"href":"https:\/\/ludomargroup.com\/ca\/wp-json\/wp\/v2\/media?parent=1083"}],"curies":[{"name":"wp","href":"https:\/\/api.w.org\/{rel}","templated":true}]}}